{"id":3461,"date":"2019-01-24T11:29:58","date_gmt":"2019-01-24T10:29:58","guid":{"rendered":"https:\/\/www.hoteleden.info\/offerte\/"},"modified":"2024-12-19T15:22:34","modified_gmt":"2024-12-19T14:22:34","slug":"offres-2","status":"publish","type":"page","link":"https:\/\/www.hoteleden.info\/fr\/offres-2\/","title":{"rendered":"Offres"},"content":{"rendered":"<section class=\"l-section wpb_row us_custom_b456aa4d height_auto width_full\"><div class=\"l-section-h i-cf\"><div class=\"g-cols vc_row via_flex valign_top type_default stacking_default\"><div class=\"vc_col-sm-12 wpb_column vc_column_container\"><div class=\"vc_column-inner\"><div class=\"wpb_wrapper\"><div class=\"w-image us_custom_99817634 i200 align_center\"><div class=\"w-image-h\"><img decoding=\"async\" width=\"318\" height=\"168\" src=\"https:\/\/www.hoteleden.info\/wp-content\/uploads\/2019\/01\/logo-eden-bianco.svg\" class=\"attachment-full size-full\" alt=\"\" loading=\"lazy\" \/><\/div><\/div><div class=\"wpb_text_column bianco\"><div class=\"wpb_wrapper\"><h1 style=\"text-align: center;\">Nos offres<\/h1>\n<\/div><\/div><div class=\"ult-spacer spacer-69df0f66a7bb8\" data-id=\"69df0f66a7bb8\" data-height=\"50\" data-height-mobile=\"50\" data-height-tab=\"50\" data-height-tab-portrait=\"50\" data-height-mobile-landscape=\"50\" style=\"clear:both;display:block;\"><\/div><div class=\"w-grid us_grid us_custom_ff837323 type_grid layout_201 cols_3 overflow_hidden preload_style_spinner\" id=\"us_grid_1\" style=\"--columns:3;--gap:1.5rem;\" data-filterable=\"true\"><style>@media (max-width:1024px){#us_grid_1{--columns:2!important}}@media (max-width:600px){#us_grid_1{--columns:1!important}}.layout_201 .w-grid-item-h{background:#fff;border-radius:0.3rem;box-shadow:0 0.03rem 0.06rem rgba(0,0,0,0.1),0 0.1rem 0.3rem rgba(0,0,0,0.1);transition-duration:0.3s}.no-touch .layout_201 .w-grid-item-h:hover{box-shadow:0 0.1rem 0.2rem rgba(0,0,0,0.1),0 0.33rem 1rem rgba(0,0,0,0.15);z-index:4}.layout_201 .usg_post_title_1{font-family:var(--font-family)!important;font-size:1.2rem!important}.layout_201 .usg_vwrapper_1{padding:9% 11% 11% 11%!important}.layout_201 .usg_post_taxonomy_1{position:absolute!important;top:1.2rem!important;left:1.2rem!important;right:1.2rem!important;font-family:var(--font-family)!important;font-size:10px!important;font-weight:700!important;text-transform:uppercase!important}.layout_201 .usg_post_content_1{font-family:var(--font-family)!important}.layout_201 .usg_btn_1{font-size:17px!important}<\/style><div class=\"w-grid-list\">\t<article class=\"w-grid-item size_1x1 post-3440 post type-post status-publish format-standard has-post-thumbnail hentry category-offerte-fr\" data-id=\"3440\">\r\n\t\t<div class=\"w-grid-item-h\">\r\n\t\t\t\t\t\t<div class=\"w-post-elm post_image usg_post_image_1 stretched\"><a href=\"https:\/\/www.hoteleden.info\/fr\/offre-standard\/\" aria-label=\"Offre standard\"><img loading=\"lazy\" decoding=\"async\" width=\"1024\" height=\"683\" src=\"https:\/\/www.hoteleden.info\/wp-content\/uploads\/2019\/11\/IMG_1918-1024x683.jpg\" class=\"attachment-large size-large wp-post-image\" alt=\"\" srcset=\"https:\/\/www.hoteleden.info\/wp-content\/uploads\/2019\/11\/IMG_1918-1024x683.jpg 1024w, https:\/\/www.hoteleden.info\/wp-content\/uploads\/2019\/11\/IMG_1918-300x200.jpg 300w, https:\/\/www.hoteleden.info\/wp-content\/uploads\/2019\/11\/IMG_1918-600x400.jpg 600w, https:\/\/www.hoteleden.info\/wp-content\/uploads\/2019\/11\/IMG_1918-1280x853.jpg 1280w, https:\/\/www.hoteleden.info\/wp-content\/uploads\/2019\/11\/IMG_1918.jpg 1920w\" sizes=\"auto, (max-width: 1024px) 100vw, 1024px\" \/><\/a><\/div><div class=\"w-post-elm post_taxonomy usg_post_taxonomy_1 style_badge color_link_inherit\"><a class=\"w-btn us-btn-style_badge term-33 term-offerte-fr\" href=\"https:\/\/www.hoteleden.info\/fr\/category\/offerte-fr\/\"><span class=\"w-btn-label\">Offerte<\/span><\/a><\/div><div class=\"w-vwrapper usg_vwrapper_1 align_center\"><h4 class=\"w-post-elm post_title usg_post_title_1 entry-title color_link_inherit\">Offre standard<\/h4><div class=\"w-post-elm post_content usg_post_content_1\"><p>Risparmi l&rsquo;8% rispetto alla migliore tariffa online che puoi trovare fuori dal sito ufficiale. Cancellazione gratuita e pagamento al check-out.<\/p>\n<\/div><a class=\"w-btn us-btn-style_2 usg_btn_1\" href=\"https:\/\/www.hoteleden.info\/fr\/offre-standard\/\"><span class=\"w-btn-label\">Vedi l&rsquo;offerta<\/span><\/a><\/div>\t\t<\/div>\r\n\t\t\t<\/article>\r\n\t<article class=\"w-grid-item size_1x1 post-3446 post type-post status-publish format-standard has-post-thumbnail hentry category-offerte-fr\" data-id=\"3446\">\r\n\t\t<div class=\"w-grid-item-h\">\r\n\t\t\t\t\t\t<div class=\"w-post-elm post_image usg_post_image_1 stretched\"><a href=\"https:\/\/www.hoteleden.info\/fr\/offerta-cash\/\" aria-label=\"Offre en esp\u00e8ces -3%\"><img loading=\"lazy\" decoding=\"async\" width=\"1024\" height=\"683\" src=\"https:\/\/www.hoteleden.info\/wp-content\/uploads\/2019\/11\/IMG_5609-1024x683.jpg\" class=\"attachment-large size-large wp-post-image\" alt=\"\" srcset=\"https:\/\/www.hoteleden.info\/wp-content\/uploads\/2019\/11\/IMG_5609-1024x683.jpg 1024w, https:\/\/www.hoteleden.info\/wp-content\/uploads\/2019\/11\/IMG_5609-300x200.jpg 300w, https:\/\/www.hoteleden.info\/wp-content\/uploads\/2019\/11\/IMG_5609-600x400.jpg 600w, https:\/\/www.hoteleden.info\/wp-content\/uploads\/2019\/11\/IMG_5609-1280x853.jpg 1280w, https:\/\/www.hoteleden.info\/wp-content\/uploads\/2019\/11\/IMG_5609.jpg 1920w\" sizes=\"auto, (max-width: 1024px) 100vw, 1024px\" \/><\/a><\/div><div class=\"w-post-elm post_taxonomy usg_post_taxonomy_1 style_badge color_link_inherit\"><a class=\"w-btn us-btn-style_badge term-33 term-offerte-fr\" href=\"https:\/\/www.hoteleden.info\/fr\/category\/offerte-fr\/\"><span class=\"w-btn-label\">Offerte<\/span><\/a><\/div><div class=\"w-vwrapper usg_vwrapper_1 align_center\"><h4 class=\"w-post-elm post_title usg_post_title_1 entry-title color_link_inherit\">Offre en esp\u00e8ces -3%<\/h4><div class=\"w-post-elm post_content usg_post_content_1\"><p>Sconto aggiuntivo sull&rsquo;offerta standard (8%+3%) per pagamenti in contanti al check-in.<\/p>\n<\/div><a class=\"w-btn us-btn-style_2 usg_btn_1\" href=\"https:\/\/www.hoteleden.info\/fr\/offerta-cash\/\"><span class=\"w-btn-label\">Vedi l&rsquo;offerta<\/span><\/a><\/div>\t\t<\/div>\r\n\t\t\t<\/article>\r\n\t<article class=\"w-grid-item size_1x1 post-3451 post type-post status-publish format-standard has-post-thumbnail hentry category-offerte-fr\" data-id=\"3451\">\r\n\t\t<div class=\"w-grid-item-h\">\r\n\t\t\t\t\t\t<div class=\"w-post-elm post_image usg_post_image_1 stretched\"><a href=\"https:\/\/www.hoteleden.info\/fr\/offre-prepayee\/\" aria-label=\"Offre pr\u00e9pay\u00e9e -5%.\"><img loading=\"lazy\" decoding=\"async\" width=\"1024\" height=\"683\" src=\"https:\/\/www.hoteleden.info\/wp-content\/uploads\/2019\/11\/IMG_1816-1024x683.jpg\" class=\"attachment-large size-large wp-post-image\" alt=\"\" srcset=\"https:\/\/www.hoteleden.info\/wp-content\/uploads\/2019\/11\/IMG_1816-1024x683.jpg 1024w, https:\/\/www.hoteleden.info\/wp-content\/uploads\/2019\/11\/IMG_1816-300x200.jpg 300w, https:\/\/www.hoteleden.info\/wp-content\/uploads\/2019\/11\/IMG_1816-600x400.jpg 600w, https:\/\/www.hoteleden.info\/wp-content\/uploads\/2019\/11\/IMG_1816-1280x853.jpg 1280w, https:\/\/www.hoteleden.info\/wp-content\/uploads\/2019\/11\/IMG_1816.jpg 1920w\" sizes=\"auto, (max-width: 1024px) 100vw, 1024px\" \/><\/a><\/div><div class=\"w-post-elm post_taxonomy usg_post_taxonomy_1 style_badge color_link_inherit\"><a class=\"w-btn us-btn-style_badge term-33 term-offerte-fr\" href=\"https:\/\/www.hoteleden.info\/fr\/category\/offerte-fr\/\"><span class=\"w-btn-label\">Offerte<\/span><\/a><\/div><div class=\"w-vwrapper usg_vwrapper_1 align_center\"><h4 class=\"w-post-elm post_title usg_post_title_1 entry-title color_link_inherit\">Offre pr\u00e9pay\u00e9e -5%.<\/h4><div class=\"w-post-elm post_content usg_post_content_1\"><p>Risparmi il 13% (8%+5%) rispetto alle migliori tariffe online che puoi trovare fuori dal sito ufficiale.<\/p>\n<\/div><a class=\"w-btn us-btn-style_2 usg_btn_1\" href=\"https:\/\/www.hoteleden.info\/fr\/offre-prepayee\/\"><span class=\"w-btn-label\">Vedi l&rsquo;offerta<\/span><\/a><\/div>\t\t<\/div>\r\n\t\t\t<\/article>\r\n<\/div>\t<div class=\"w-grid-preloader\">\r\n\t\t<div class=\"g-preloader type_1\">\r\n\t\t\t<div><\/div>\r\n\t\t<\/div>\r\n\t<\/div>\r\n\t\t<div class=\"w-grid-json hidden\" onclick='return {&quot;action&quot;:&quot;us_ajax_grid&quot;,&quot;infinite_scroll&quot;:0,&quot;max_num_pages&quot;:1,&quot;pagination&quot;:&quot;none&quot;,&quot;template_vars&quot;:{&quot;columns&quot;:&quot;3&quot;,&quot;exclude_items&quot;:&quot;none&quot;,&quot;img_size&quot;:&quot;default&quot;,&quot;ignore_items_size&quot;:0,&quot;items_layout&quot;:&quot;201&quot;,&quot;items_offset&quot;:&quot;1&quot;,&quot;load_animation&quot;:&quot;none&quot;,&quot;overriding_link&quot;:&quot;%7B%22url%22%3A%22%22%7D&quot;,&quot;post_id&quot;:0,&quot;query_args&quot;:{&quot;post_type&quot;:[&quot;post&quot;],&quot;post_status&quot;:[&quot;publish&quot;,&quot;mapped&quot;,&quot;needs_update&quot;],&quot;posts_per_page&quot;:&quot;100&quot;},&quot;orderby_query_args&quot;:{&quot;orderby&quot;:{&quot;date&quot;:&quot;DESC&quot;}},&quot;type&quot;:&quot;grid&quot;,&quot;us_grid_post_type&quot;:&quot;post&quot;,&quot;us_grid_ajax_index&quot;:1,&quot;us_grid_filter_query_string&quot;:null,&quot;us_grid_index&quot;:1,&quot;page_args&quot;:[],&quot;lang&quot;:&quot;fr&quot;}}'><\/div>\r\n\t<\/div><\/div><\/div><\/div><\/div><\/div><\/section><!-- Row Backgrounds --><div class=\"upb_bg_img\" data-ultimate-bg=\"url(https:\/\/www.hoteleden.info\/wp-content\/uploads\/2019\/01\/back-righe.svg)\" data-image-id=\"id^199|url^http:\/\/www.hoteleden.info\/wp-content\/uploads\/2019\/01\/back-righe.svg|caption^null|alt^null|title^back-righe|description^null\" data-ultimate-bg-style=\"vcpb-default\" data-bg-img-repeat=\"repeat\" data-bg-img-size=\"cover\" data-bg-img-position=\"\" data-parallx_sense=\"30\" data-bg-override=\"0\" data-bg_img_attach=\"scroll\" data-upb-overlay-color=\"\" data-upb-bg-animation=\"\" data-fadeout=\"\" data-bg-animation=\"left-animation\" data-bg-animation-type=\"h\" data-animation-repeat=\"repeat\" data-fadeout-percentage=\"30\" data-parallax-content=\"\" data-parallax-content-sense=\"30\" data-row-effect-mobile-disable=\"true\" data-img-parallax-mobile-disable=\"true\" data-rtl=\"false\"  data-custom-vc-row=\"\"  data-vc=\"8.7.2\"  data-is_old_vc=\"\"  data-theme-support=\"\"   data-overlay=\"false\" data-overlay-color=\"\" data-overlay-pattern=\"\" data-overlay-pattern-opacity=\"\" data-overlay-pattern-size=\"\"    ><\/div><section class=\"l-section wpb_row height_medium\"><div class=\"l-section-h i-cf\"><div class=\"g-cols vc_row via_flex valign_top type_default stacking_default\"><div class=\"vc_col-sm-12 wpb_column vc_column_container\"><div class=\"vc_column-inner\"><div class=\"wpb_wrapper\"><div class=\"wpb_text_column us_custom_eb849559\"><div class=\"wpb_wrapper\"><h3 style=\"text-align: center;\">R\u00e9servez votre exp\u00e9rience et visitez les plus beaux endroits du lac de Garde avec nous !<\/h3>\n<\/div><\/div><div class=\"w-separator size_small\"><\/div><div class=\"w-image align_center\"><a target=\"_blank\" rel=\"nofollow\" href=\"https:\/\/hoteledenbrenzone.intravelwebsite.com\/esperienze\" aria-label=\"Schermata 2021-08-09 alle 13.55.23\" class=\"w-image-h\"><img decoding=\"async\" width=\"2452\" height=\"716\" src=\"https:\/\/www.hoteleden.info\/wp-content\/uploads\/2021\/08\/Schermata-2021-08-09-alle-13.55.23.jpg\" class=\"attachment-full size-full\" alt=\"\" loading=\"lazy\" srcset=\"https:\/\/www.hoteleden.info\/wp-content\/uploads\/2021\/08\/Schermata-2021-08-09-alle-13.55.23.jpg 2452w, https:\/\/www.hoteleden.info\/wp-content\/uploads\/2021\/08\/Schermata-2021-08-09-alle-13.55.23-300x88.jpg 300w, https:\/\/www.hoteleden.info\/wp-content\/uploads\/2021\/08\/Schermata-2021-08-09-alle-13.55.23-1024x299.jpg 1024w\" sizes=\"auto, (max-width: 2452px) 100vw, 2452px\" \/><\/a><\/div><\/div><\/div><\/div><\/div><\/div><\/section>\n","protected":false},"excerpt":{"rendered":"-13% (8%+5%) [vc_raw_html]JTNDc3BhbiUyMGNsYXNzJTNEJTIycmlnYS1naWFsbG8tNTAtY2VudHJvJTIyJTNFJTNDJTJGc3BhbiUzRQ==[\/vc_raw_html]Remise suppl\u00e9mentaire sur l&rsquo;offre standard +5%. Economisez 13% (8%+5%) par rapport aux meilleurs tarifs en ligne que vous pouvez trouver sur le site officiel. Disponibilit\u00e9 et prixConditions de l&rsquo;offre : Offre pr\u00e9pay\u00e9e Offre non remboursable Une remise de 5 % s&rsquo;ajoute au taux standard de 8 % (par rapport au meilleur prix que...","protected":false},"author":1,"featured_media":0,"parent":0,"menu_order":0,"comment_status":"closed","ping_status":"closed","template":"","meta":{"inline_featured_image":false,"footnotes":""},"class_list":["post-3461","page","type-page","status-publish","hentry"],"yoast_head":"<!-- This site is optimized with the Yoast SEO plugin v27.4 - https:\/\/yoast.com\/product\/yoast-seo-wordpress\/ -->\n<title>Offres - Hotel Eden Lago di Garda - Gardasee - Lake Garda<\/title>\n<meta name=\"robots\" content=\"index, follow, max-snippet:-1, max-image-preview:large, max-video-preview:-1\" \/>\n<link rel=\"canonical\" href=\"https:\/\/www.hoteleden.info\/fr\/offres-2\/\" \/>\n<meta property=\"og:locale\" content=\"fr_FR\" \/>\n<meta property=\"og:type\" content=\"article\" \/>\n<meta property=\"og:title\" content=\"Offres - Hotel Eden Lago di Garda - Gardasee - Lake Garda\" \/>\n<meta property=\"og:url\" content=\"https:\/\/www.hoteleden.info\/fr\/offres-2\/\" \/>\n<meta property=\"og:site_name\" content=\"Hotel Eden Lago di Garda - Gardasee - Lake Garda\" \/>\n<meta property=\"article:modified_time\" content=\"2024-12-19T14:22:34+00:00\" \/>\n<meta name=\"twitter:card\" content=\"summary_large_image\" \/>\n<meta name=\"twitter:label1\" content=\"Dur\u00e9e de lecture estim\u00e9e\" \/>\n\t<meta name=\"twitter:data1\" content=\"1 minute\" \/>\n<script type=\"application\/ld+json\" class=\"yoast-schema-graph\">{\"@context\":\"https:\\\/\\\/schema.org\",\"@graph\":[{\"@type\":\"WebPage\",\"@id\":\"https:\\\/\\\/www.hoteleden.info\\\/fr\\\/offres-2\\\/\",\"url\":\"https:\\\/\\\/www.hoteleden.info\\\/fr\\\/offres-2\\\/\",\"name\":\"Offres - Hotel Eden Lago di Garda - Gardasee - Lake Garda\",\"isPartOf\":{\"@id\":\"https:\\\/\\\/www.hoteleden.info\\\/#website\"},\"datePublished\":\"2019-01-24T10:29:58+00:00\",\"dateModified\":\"2024-12-19T14:22:34+00:00\",\"breadcrumb\":{\"@id\":\"https:\\\/\\\/www.hoteleden.info\\\/fr\\\/offres-2\\\/#breadcrumb\"},\"inLanguage\":\"fr-FR\",\"potentialAction\":[{\"@type\":\"ReadAction\",\"target\":[\"https:\\\/\\\/www.hoteleden.info\\\/fr\\\/offres-2\\\/\"]}]},{\"@type\":\"BreadcrumbList\",\"@id\":\"https:\\\/\\\/www.hoteleden.info\\\/fr\\\/offres-2\\\/#breadcrumb\",\"itemListElement\":[{\"@type\":\"ListItem\",\"position\":1,\"name\":\"Home\",\"item\":\"https:\\\/\\\/www.hoteleden.info\\\/fr\\\/\"},{\"@type\":\"ListItem\",\"position\":2,\"name\":\"Offres\"}]},{\"@type\":\"WebSite\",\"@id\":\"https:\\\/\\\/www.hoteleden.info\\\/#website\",\"url\":\"https:\\\/\\\/www.hoteleden.info\\\/\",\"name\":\"Hotel Eden Lago di Garda - Gardasee - Lake Garda\",\"description\":\"Hotel Eden Lago di Garda - Gardasee - Lake Garda\",\"potentialAction\":[{\"@type\":\"SearchAction\",\"target\":{\"@type\":\"EntryPoint\",\"urlTemplate\":\"https:\\\/\\\/www.hoteleden.info\\\/?s={search_term_string}\"},\"query-input\":{\"@type\":\"PropertyValueSpecification\",\"valueRequired\":true,\"valueName\":\"search_term_string\"}}],\"inLanguage\":\"fr-FR\"}]}<\/script>\n<!-- \/ Yoast SEO plugin. -->","yoast_head_json":{"title":"Offres - Hotel Eden Lago di Garda - Gardasee - Lake Garda","robots":{"index":"index","follow":"follow","max-snippet":"max-snippet:-1","max-image-preview":"max-image-preview:large","max-video-preview":"max-video-preview:-1"},"canonical":"https:\/\/www.hoteleden.info\/fr\/offres-2\/","og_locale":"fr_FR","og_type":"article","og_title":"Offres - Hotel Eden Lago di Garda - Gardasee - Lake Garda","og_url":"https:\/\/www.hoteleden.info\/fr\/offres-2\/","og_site_name":"Hotel Eden Lago di Garda - Gardasee - Lake Garda","article_modified_time":"2024-12-19T14:22:34+00:00","twitter_card":"summary_large_image","twitter_misc":{"Dur\u00e9e de lecture estim\u00e9e":"1 minute"},"schema":{"@context":"https:\/\/schema.org","@graph":[{"@type":"WebPage","@id":"https:\/\/www.hoteleden.info\/fr\/offres-2\/","url":"https:\/\/www.hoteleden.info\/fr\/offres-2\/","name":"Offres - Hotel Eden Lago di Garda - Gardasee - Lake Garda","isPartOf":{"@id":"https:\/\/www.hoteleden.info\/#website"},"datePublished":"2019-01-24T10:29:58+00:00","dateModified":"2024-12-19T14:22:34+00:00","breadcrumb":{"@id":"https:\/\/www.hoteleden.info\/fr\/offres-2\/#breadcrumb"},"inLanguage":"fr-FR","potentialAction":[{"@type":"ReadAction","target":["https:\/\/www.hoteleden.info\/fr\/offres-2\/"]}]},{"@type":"BreadcrumbList","@id":"https:\/\/www.hoteleden.info\/fr\/offres-2\/#breadcrumb","itemListElement":[{"@type":"ListItem","position":1,"name":"Home","item":"https:\/\/www.hoteleden.info\/fr\/"},{"@type":"ListItem","position":2,"name":"Offres"}]},{"@type":"WebSite","@id":"https:\/\/www.hoteleden.info\/#website","url":"https:\/\/www.hoteleden.info\/","name":"Hotel Eden Lago di Garda - Gardasee - Lake Garda","description":"Hotel Eden Lago di Garda - Gardasee - Lake Garda","potentialAction":[{"@type":"SearchAction","target":{"@type":"EntryPoint","urlTemplate":"https:\/\/www.hoteleden.info\/?s={search_term_string}"},"query-input":{"@type":"PropertyValueSpecification","valueRequired":true,"valueName":"search_term_string"}}],"inLanguage":"fr-FR"}]}},"_links":{"self":[{"href":"https:\/\/www.hoteleden.info\/fr\/wp-json\/wp\/v2\/pages\/3461","targetHints":{"allow":["GET"]}}],"collection":[{"href":"https:\/\/www.hoteleden.info\/fr\/wp-json\/wp\/v2\/pages"}],"about":[{"href":"https:\/\/www.hoteleden.info\/fr\/wp-json\/wp\/v2\/types\/page"}],"author":[{"embeddable":true,"href":"https:\/\/www.hoteleden.info\/fr\/wp-json\/wp\/v2\/users\/1"}],"replies":[{"embeddable":true,"href":"https:\/\/www.hoteleden.info\/fr\/wp-json\/wp\/v2\/comments?post=3461"}],"version-history":[{"count":2,"href":"https:\/\/www.hoteleden.info\/fr\/wp-json\/wp\/v2\/pages\/3461\/revisions"}],"predecessor-version":[{"id":3463,"href":"https:\/\/www.hoteleden.info\/fr\/wp-json\/wp\/v2\/pages\/3461\/revisions\/3463"}],"wp:attachment":[{"href":"https:\/\/www.hoteleden.info\/fr\/wp-json\/wp\/v2\/media?parent=3461"}],"curies":[{"name":"wp","href":"https:\/\/api.w.org\/{rel}","templated":true}]}}