{"id":3432,"date":"2019-01-24T11:32:06","date_gmt":"2019-01-24T10:32:06","guid":{"rendered":"https:\/\/www.hoteleden.info\/richiesta-non-impegnativa\/"},"modified":"2024-12-19T14:53:56","modified_gmt":"2024-12-19T13:53:56","slug":"demande-sans-engagement","status":"publish","type":"page","link":"https:\/\/www.hoteleden.info\/fr\/demande-sans-engagement\/","title":{"rendered":"Demande sans engagement"},"content":{"rendered":"<section class=\"l-section wpb_row height_medium\"><div class=\"l-section-h i-cf\"><div class=\"g-cols vc_row via_flex valign_top type_default stacking_default\"><div class=\"vc_col-sm-12 wpb_column vc_column_container\"><div class=\"vc_column-inner\"><div class=\"wpb_wrapper\"><div class=\"wpb_text_column\"><div class=\"wpb_wrapper\"><h1 style=\"text-align: center;\">Demande sans engagement<\/h1>\n<\/div><\/div>[vc_raw_html]JTNDc3BhbiUyMGNsYXNzJTNEJTIycmlnYS1naWFsbG8tMTAwLWNlbnRybyUyMiUzRSUzQyUyRnNwYW4lM0U=[\/vc_raw_html]<div class=\"wpb_text_column\"><div class=\"wpb_wrapper\"><p style=\"text-align: center;\"><strong>Ici, vous \u00e9conomisez 8%<\/strong> par rapport \u00e0 tout autre syst\u00e8me de r\u00e9servation en ligne &#8230; toujours.<br \/>\n<strong>M\u00eame maintenant !<\/strong><\/p>\n<\/div><\/div><\/div><\/div><\/div><\/div><\/div><\/section><section class=\"l-section wpb_row us_custom_1bc35cc2 height_auto color_alternate\"><div class=\"l-section-h i-cf\"><div class=\"g-cols vc_row via_flex valign_top type_default stacking_default\"><div class=\"vc_col-sm-1 wpb_column vc_column_container\"><div class=\"vc_column-inner\"><div class=\"wpb_wrapper\"><\/div><\/div><\/div><div class=\"vc_col-sm-10 wpb_column vc_column_container\"><div class=\"vc_column-inner\"><div class=\"wpb_wrapper\"><div class=\"w-separator size_small\"><\/div>[vc_raw_html]JTVCY29udGFjdC1mb3JtLTclMjBpZCUzRCUyMjUzMzAyNTklMjIlMjB0aXRsZSUzRCUyMlJpY2hpZXN0YSUyMEZFJTIyaHRtbF9pZCUzRCUyMmNmN19mb3JtJTIyJTVE[\/vc_raw_html]<\/div><\/div><\/div><div class=\"vc_col-sm-1 wpb_column vc_column_container\"><div class=\"vc_column-inner\"><div class=\"wpb_wrapper\"><\/div><\/div><\/div><\/div><\/div><\/section>\n","protected":false},"excerpt":{"rendered":"Demande sans engagement [vc_raw_html]JTNDc3BhbiUyMGNsYXNzJTNEJTIycmlnYS1naWFsbG8tMTAwLWNlbnRybyUyMiUzRSUzQyUyRnNwYW4lM0U=[\/vc_raw_html]Ici, vous \u00e9conomisez 8% par rapport \u00e0 tout autre syst\u00e8me de r\u00e9servation en ligne &#8230; toujours. M\u00eame maintenant ! [vc_raw_html]JTVCY29udGFjdC1mb3JtLTclMjBpZCUzRCUyMjUzMzAyNTklMjIlMjB0aXRsZSUzRCUyMlJpY2hpZXN0YSUyMEZFJTIyaHRtbF9pZCUzRCUyMmNmN19mb3JtJTIyJTVE[\/vc_raw_html]","protected":false},"author":1,"featured_media":0,"parent":0,"menu_order":0,"comment_status":"closed","ping_status":"closed","template":"","meta":{"inline_featured_image":false,"footnotes":""},"class_list":["post-3432","page","type-page","status-publish","hentry"],"yoast_head":"<!-- This site is optimized with the Yoast SEO plugin v27.4 - https:\/\/yoast.com\/product\/yoast-seo-wordpress\/ -->\n<title>Demande sans engagement - Hotel Eden Lago di Garda - Gardasee - Lake Garda<\/title>\n<meta name=\"robots\" content=\"index, follow, max-snippet:-1, max-image-preview:large, max-video-preview:-1\" \/>\n<link rel=\"canonical\" href=\"https:\/\/www.hoteleden.info\/fr\/demande-sans-engagement\/\" \/>\n<meta property=\"og:locale\" content=\"fr_FR\" \/>\n<meta property=\"og:type\" content=\"article\" \/>\n<meta property=\"og:title\" content=\"Demande sans engagement - Hotel Eden Lago di Garda - Gardasee - Lake Garda\" \/>\n<meta property=\"og:url\" content=\"https:\/\/www.hoteleden.info\/fr\/demande-sans-engagement\/\" \/>\n<meta property=\"og:site_name\" content=\"Hotel Eden Lago di Garda - Gardasee - Lake Garda\" \/>\n<meta property=\"article:modified_time\" content=\"2024-12-19T13:53:56+00:00\" \/>\n<meta name=\"twitter:card\" content=\"summary_large_image\" \/>\n<meta name=\"twitter:label1\" content=\"Dur\u00e9e de lecture estim\u00e9e\" \/>\n\t<meta name=\"twitter:data1\" content=\"1 minute\" \/>\n<script type=\"application\/ld+json\" class=\"yoast-schema-graph\">{\"@context\":\"https:\\\/\\\/schema.org\",\"@graph\":[{\"@type\":\"WebPage\",\"@id\":\"https:\\\/\\\/www.hoteleden.info\\\/fr\\\/demande-sans-engagement\\\/\",\"url\":\"https:\\\/\\\/www.hoteleden.info\\\/fr\\\/demande-sans-engagement\\\/\",\"name\":\"Demande sans engagement - Hotel Eden Lago di Garda - Gardasee - Lake Garda\",\"isPartOf\":{\"@id\":\"https:\\\/\\\/www.hoteleden.info\\\/#website\"},\"datePublished\":\"2019-01-24T10:32:06+00:00\",\"dateModified\":\"2024-12-19T13:53:56+00:00\",\"breadcrumb\":{\"@id\":\"https:\\\/\\\/www.hoteleden.info\\\/fr\\\/demande-sans-engagement\\\/#breadcrumb\"},\"inLanguage\":\"fr-FR\",\"potentialAction\":[{\"@type\":\"ReadAction\",\"target\":[\"https:\\\/\\\/www.hoteleden.info\\\/fr\\\/demande-sans-engagement\\\/\"]}]},{\"@type\":\"BreadcrumbList\",\"@id\":\"https:\\\/\\\/www.hoteleden.info\\\/fr\\\/demande-sans-engagement\\\/#breadcrumb\",\"itemListElement\":[{\"@type\":\"ListItem\",\"position\":1,\"name\":\"Home\",\"item\":\"https:\\\/\\\/www.hoteleden.info\\\/fr\\\/\"},{\"@type\":\"ListItem\",\"position\":2,\"name\":\"Demande sans engagement\"}]},{\"@type\":\"WebSite\",\"@id\":\"https:\\\/\\\/www.hoteleden.info\\\/#website\",\"url\":\"https:\\\/\\\/www.hoteleden.info\\\/\",\"name\":\"Hotel Eden Lago di Garda - Gardasee - Lake Garda\",\"description\":\"Hotel Eden Lago di Garda - Gardasee - Lake Garda\",\"potentialAction\":[{\"@type\":\"SearchAction\",\"target\":{\"@type\":\"EntryPoint\",\"urlTemplate\":\"https:\\\/\\\/www.hoteleden.info\\\/?s={search_term_string}\"},\"query-input\":{\"@type\":\"PropertyValueSpecification\",\"valueRequired\":true,\"valueName\":\"search_term_string\"}}],\"inLanguage\":\"fr-FR\"}]}<\/script>\n<!-- \/ Yoast SEO plugin. -->","yoast_head_json":{"title":"Demande sans engagement - Hotel Eden Lago di Garda - Gardasee - Lake Garda","robots":{"index":"index","follow":"follow","max-snippet":"max-snippet:-1","max-image-preview":"max-image-preview:large","max-video-preview":"max-video-preview:-1"},"canonical":"https:\/\/www.hoteleden.info\/fr\/demande-sans-engagement\/","og_locale":"fr_FR","og_type":"article","og_title":"Demande sans engagement - Hotel Eden Lago di Garda - Gardasee - Lake Garda","og_url":"https:\/\/www.hoteleden.info\/fr\/demande-sans-engagement\/","og_site_name":"Hotel Eden Lago di Garda - Gardasee - Lake Garda","article_modified_time":"2024-12-19T13:53:56+00:00","twitter_card":"summary_large_image","twitter_misc":{"Dur\u00e9e de lecture estim\u00e9e":"1 minute"},"schema":{"@context":"https:\/\/schema.org","@graph":[{"@type":"WebPage","@id":"https:\/\/www.hoteleden.info\/fr\/demande-sans-engagement\/","url":"https:\/\/www.hoteleden.info\/fr\/demande-sans-engagement\/","name":"Demande sans engagement - Hotel Eden Lago di Garda - Gardasee - Lake Garda","isPartOf":{"@id":"https:\/\/www.hoteleden.info\/#website"},"datePublished":"2019-01-24T10:32:06+00:00","dateModified":"2024-12-19T13:53:56+00:00","breadcrumb":{"@id":"https:\/\/www.hoteleden.info\/fr\/demande-sans-engagement\/#breadcrumb"},"inLanguage":"fr-FR","potentialAction":[{"@type":"ReadAction","target":["https:\/\/www.hoteleden.info\/fr\/demande-sans-engagement\/"]}]},{"@type":"BreadcrumbList","@id":"https:\/\/www.hoteleden.info\/fr\/demande-sans-engagement\/#breadcrumb","itemListElement":[{"@type":"ListItem","position":1,"name":"Home","item":"https:\/\/www.hoteleden.info\/fr\/"},{"@type":"ListItem","position":2,"name":"Demande sans engagement"}]},{"@type":"WebSite","@id":"https:\/\/www.hoteleden.info\/#website","url":"https:\/\/www.hoteleden.info\/","name":"Hotel Eden Lago di Garda - Gardasee - Lake Garda","description":"Hotel Eden Lago di Garda - Gardasee - Lake Garda","potentialAction":[{"@type":"SearchAction","target":{"@type":"EntryPoint","urlTemplate":"https:\/\/www.hoteleden.info\/?s={search_term_string}"},"query-input":{"@type":"PropertyValueSpecification","valueRequired":true,"valueName":"search_term_string"}}],"inLanguage":"fr-FR"}]}},"_links":{"self":[{"href":"https:\/\/www.hoteleden.info\/fr\/wp-json\/wp\/v2\/pages\/3432","targetHints":{"allow":["GET"]}}],"collection":[{"href":"https:\/\/www.hoteleden.info\/fr\/wp-json\/wp\/v2\/pages"}],"about":[{"href":"https:\/\/www.hoteleden.info\/fr\/wp-json\/wp\/v2\/types\/page"}],"author":[{"embeddable":true,"href":"https:\/\/www.hoteleden.info\/fr\/wp-json\/wp\/v2\/users\/1"}],"replies":[{"embeddable":true,"href":"https:\/\/www.hoteleden.info\/fr\/wp-json\/wp\/v2\/comments?post=3432"}],"version-history":[{"count":2,"href":"https:\/\/www.hoteleden.info\/fr\/wp-json\/wp\/v2\/pages\/3432\/revisions"}],"predecessor-version":[{"id":3434,"href":"https:\/\/www.hoteleden.info\/fr\/wp-json\/wp\/v2\/pages\/3432\/revisions\/3434"}],"wp:attachment":[{"href":"https:\/\/www.hoteleden.info\/fr\/wp-json\/wp\/v2\/media?parent=3432"}],"curies":[{"name":"wp","href":"https:\/\/api.w.org\/{rel}","templated":true}]}}