{"id":3361,"date":"2019-01-24T11:29:40","date_gmt":"2019-01-24T10:29:40","guid":{"rendered":"https:\/\/www.hoteleden.info\/informazioni-importanti\/"},"modified":"2025-01-20T16:22:32","modified_gmt":"2025-01-20T15:22:32","slug":"informations-importantes","status":"publish","type":"page","link":"https:\/\/www.hoteleden.info\/fr\/informations-importantes\/","title":{"rendered":"Informations importantes"},"content":{"rendered":"<section class=\"l-section wpb_row us_custom_f029a2ba height_auto\"><div class=\"l-section-h i-cf\"><div class=\"g-cols vc_row via_flex valign_top type_boxes stacking_default\"><div class=\"vc_col-sm-12 wpb_column vc_column_container\"><div class=\"vc_column-inner\"><div class=\"wpb_wrapper\"><div class=\"wpb_text_column us_custom_8d5aa4e2\"><div class=\"wpb_wrapper\"><h2 style=\"text-align: center;\"><span class=\"giallo\">Tout ce qu&rsquo;il faut savoir avant de r\u00e9server<\/span><\/h2>\n<\/div><\/div><div class=\"g-cols wpb_row via_flex valign_top type_boxes stacking_default\" style=\"--additional-gap:17.5px;\"><div class=\"vc_col-sm-4 wpb_column vc_column_container\"><div class=\"vc_column-inner\"><div class=\"wpb_wrapper\"><div class=\"wpb_text_column\"><div class=\"wpb_wrapper\"><h3><i class=\"far fa-check-double\"><\/i> Quand dois-je payer ?<\/h3>\n<p>Votre carte de cr\u00e9dit sert uniquement de garantie pour votre r\u00e9servation ; aucun montant ne sera pr\u00e9lev\u00e9 avant votre arriv\u00e9e. Si vous n&rsquo;avez pas de carte de cr\u00e9dit, il vous sera demand\u00e9 de payer un<br \/>\nD\u00c9P\u00d4T CONFIRMATOIRE de 150 \u20ac par personne par virement bancaire. Le reste sera pay\u00e9 directement \u00e0 l&rsquo;h\u00f4tel.<\/p>\n<\/div><\/div><\/div><\/div><\/div><div class=\"vc_col-sm-4 wpb_column vc_column_container\"><div class=\"vc_column-inner\"><div class=\"wpb_wrapper\"><div class=\"wpb_text_column\"><div class=\"wpb_wrapper\"><h3><i class=\"far fa-check-double\"><\/i> Taxe de s\u00e9jour<\/h3>\n<p>Gratuite de 0 \u00e0 14 ans ; 1,50 \u20ac par jour au-del\u00e0 de 14 ans. Les personnes handicap\u00e9es, les accompagnateurs, les chauffeurs d&rsquo;autocars et les accompagnateurs sont exon\u00e9r\u00e9s.<\/p>\n<\/div><\/div><\/div><\/div><\/div><div class=\"vc_col-sm-4 wpb_column vc_column_container\"><div class=\"vc_column-inner\"><div class=\"wpb_wrapper\"><div class=\"wpb_text_column\"><div class=\"wpb_wrapper\"><h3><i class=\"far fa-check-double\"><\/i> R\u00e9ductions pour enfants<\/h3>\n<p>Des r\u00e9ductions variables sont appliqu\u00e9es aux tarifs jusqu&rsquo;\u00e0 l&rsquo;\u00e2ge de 10 ans.<\/p>\n<\/div><\/div><\/div><\/div><\/div><\/div><div class=\"g-cols wpb_row alza-80 via_flex valign_top type_boxes stacking_default\" style=\"--additional-gap:17.5px;\"><div class=\"vc_col-sm-4 wpb_column vc_column_container\"><div class=\"vc_column-inner\"><div class=\"wpb_wrapper\"><div class=\"wpb_text_column\"><div class=\"wpb_wrapper\"><h3><i class=\"far fa-check-double\"><\/i>Inclus dans le prix:<\/h3>\n<ul>\n<li>Dans la partie int\u00e9rieure de la piscine, il y a un bain \u00e0 remous pour 6 personnes.<\/li>\n<li>Plage priv\u00e9e et jardin au bord du lac avec chaises longues et parasols<\/li>\n<li>Jardin adjacent \u00e0 la piscine avec chaises longues et parasols<\/li>\n<li>Aire de jeux pour enfants et tennis de table<\/li>\n<li>Gymnase et parcours de sant\u00e9<\/li>\n<li>Wi-fi dans tout l&rsquo;h\u00f4tel en version de base<\/li>\n<li>Terrasse panoramique<\/li>\n<li>Coffre-fort dans la chambre<\/li>\n<li>Petit-d\u00e9jeuner et d\u00eener avec table sur la terrasse panoramique (sous r\u00e9serve de r\u00e9servation et de disponibilit\u00e9)<\/li>\n<li>Parking priv\u00e9<\/li>\n<li>Climatisation dans les chambres et les espaces communs<\/li>\n<li>TV LCD &#8211; satellite et num\u00e9rique italienne<\/li>\n<li>Caution pour les v\u00e9los<\/li>\n<li>Caution pour les planches de surf et le mat\u00e9riel de plage<\/li>\n<li>Organisation du transfert vers l&rsquo;a\u00e9roport\/la gare<\/li>\n<li>Organisation d&rsquo;excursions avec guide touristique au d\u00e9part de l&rsquo;h\u00f4tel (Venise, V\u00e9rone, Tour du Lac de Garde, etc.)<\/li>\n<\/ul>\n<\/div><\/div><\/div><\/div><\/div><div class=\"vc_col-sm-4 wpb_column vc_column_container\"><div class=\"vc_column-inner\"><div class=\"wpb_wrapper\"><div class=\"wpb_text_column\"><div class=\"wpb_wrapper\"><h3><i class=\"far fa-check-double\"><\/i> Contre paiement<\/h3>\n<ul>\n<li>Scooter \u00e9lectrique \u00e0 4 roues (\u20ac9 par jour et par v\u00e9hicule &#8211; uniquement pour les personnes ayant des probl\u00e8mes de mobilit\u00e9)<\/li>\n<li>Bou\u00e9e (\u20ac 15,00 par jour)<\/li>\n<li>Solarium (\u20ac10.00 &#8211; 16 minutes)<\/li>\n<li>Sauna finlandais (\u20ac 16,00 &#8211; exclusif pour deux heures)<\/li>\n<li>Animaux domestiques (\u20ac 15,00 par jour, non autoris\u00e9s dans la salle \u00e0 manger mais seulement sur la terrasse)<\/li>\n<li>Wi-fi dans tout l&rsquo;h\u00f4tel version business (\u20ac 10,00 pour tout le s\u00e9jour)<\/li>\n<li>Location de mat\u00e9riel de montagne avec assurance et assistance d&rsquo;urgence (\u20ac 10,00 par jour)<\/li>\n<\/ul>\n<p>\u00c0 L&rsquo;H\u00d4TEL BELFIORE PARK (\u00e0 50 m\u00e8tres de l&rsquo;h\u00f4tel Eden)<\/p>\n<ul>\n<li>Centre de massage et de bien-\u00eatre \u00ab DHARA WELLNESS \u00bb (\u20ac 30,00 par personne sur r\u00e9servation)<\/li>\n<li>Piscine dans le jardin avec eau sal\u00e9e (non chauff\u00e9e) et chaises longues (\u20ac 10,00 par pers. et par jour).<\/li>\n<li>P\u00e9dalos &#8211; SUP &#8211; cano\u00ebs (\u20ac 10-18,00 par heure)<\/li>\n<\/ul>\n<\/div><\/div><\/div><\/div><\/div><div class=\"vc_col-sm-4 wpb_column vc_column_container\"><div class=\"vc_column-inner\"><div class=\"wpb_wrapper\"><div class=\"wpb_text_column\"><div class=\"wpb_wrapper\"><h3><i class=\"far fa-check-double\"><\/i> Enregistrement<\/h3>\n<p>L&rsquo;enregistrement se fait \u00e0 partir de 14 heures et le d\u00e9part avant 10 h 30.<br \/>\n* Veuillez appeler si vous arrivez apr\u00e8s minuit.<\/p>\n<\/div><\/div><\/div><\/div><\/div><\/div><\/div><\/div><\/div><\/div><\/div><\/section><!-- Row Backgrounds --><div class=\"upb_color\" data-bg-override=\"0\" data-bg-color=\"#f5ede7\" data-fadeout=\"\" data-fadeout-percentage=\"30\" data-parallax-content=\"\" data-parallax-content-sense=\"30\" data-row-effect-mobile-disable=\"true\" data-img-parallax-mobile-disable=\"true\" data-rtl=\"false\"  data-custom-vc-row=\"\"  data-vc=\"8.7.2\"  data-is_old_vc=\"\"  data-theme-support=\"\"   data-overlay=\"false\" data-overlay-color=\"\" data-overlay-pattern=\"\" data-overlay-pattern-opacity=\"\" data-overlay-pattern-size=\"\"    data-seperator=\"true\"  data-seperator-type=\"triangle_svg_seperator\"  data-seperator-shape-size=\"40\"  data-seperator-svg-height=\"60\"  data-seperator-full-width=\"true\" data-seperator-position=\"top_seperator\"  data-seperator-background-color=\"#ffffff\"  data-icon=\"\"  ><\/div><section class=\"l-section wpb_row height_medium\"><div class=\"l-section-h i-cf\"><div class=\"g-cols vc_row via_flex valign_top type_default stacking_default\"><div class=\"vc_col-sm-12 wpb_column vc_column_container\"><div class=\"vc_column-inner\"><div class=\"wpb_wrapper\"><div class=\"wpb_text_column\"><div class=\"wpb_wrapper\"><h1 style=\"text-align: center;\"><strong>R\u00e9servation sur le canal officiel<\/strong><\/h1>\n<p style=\"text-align: center;\"><strong>Vous \u00e9conomisez 10%<\/strong> par rapport \u00e0 tout autre service de r\u00e9servation en ligne o\u00f9 vous pouvez trouver nos chambres \u00e0 vendre.<\/p>\n<\/div><\/div><\/div><\/div><\/div><\/div><\/div><\/section><section class=\"l-section wpb_row us_custom_2dbf7b3f height_small\"><div class=\"l-section-h i-cf\"><div class=\"g-cols vc_row via_flex valign_middle type_default stacking_default\"><div class=\"vc_col-sm-1 wpb_column vc_column_container\"><div class=\"vc_column-inner\"><div class=\"wpb_wrapper\"><\/div><\/div><\/div><div class=\"vc_col-sm-10 wpb_column vc_column_container\"><div class=\"vc_column-inner\"><div class=\"wpb_wrapper\"><div class=\"g-cols wpb_row via_flex valign_middle type_default stacking_default\"><div class=\"vc_col-sm-4 wpb_column vc_column_container\"><div class=\"vc_column-inner\"><div class=\"wpb_wrapper\"><div class=\"wpb_text_column\"><div class=\"wpb_wrapper\"><h2 style=\"text-align: center;\"><strong>Comment cela fonctionne-t-il ?<\/strong><\/h2>\n<\/div><\/div><\/div><\/div><\/div><div class=\"vc_col-sm-8 wpb_column vc_column_container\"><div class=\"vc_column-inner\"><div class=\"wpb_wrapper\"><div class=\"wpb_text_column\"><div class=\"wpb_wrapper\"><p>Les tarifs propos\u00e9s par notre syst\u00e8me de r\u00e9servation (<a href=\"https:\/\/booking.ericsoft.com\/fr\/BookingEngine\/Book?idh=525956375E20FEA9&amp;lang=it&amp;cur=EUR&amp;arrival=2025-01-20&amp;departure=2025-01-21&amp;guests=1538-10_1538-10\" target=\"_blank\" rel=\"noopener\">cliquez ici<\/a>) <strong>sont d\u00e9j\u00e0 r\u00e9duits de 10 %<\/strong> par rapport aux portails tiers (booking.com, Expedia, etc.).<\/p>\n<p>En outre, les r\u00e9servations peuvent toujours \u00eatre annul\u00e9es sans frais dans les conditions fix\u00e9es pour la p\u00e9riode de r\u00e9servation choisie.<\/p>\n<p>Si vous trouvez une meilleure offre que celle propos\u00e9e sur ce site, l&rsquo;H\u00f4tel Eden est pr\u00eat \u00e0 l&rsquo;ajuster.<\/p>\n<\/div><\/div><\/div><\/div><\/div><\/div><div class=\"w-separator size_small with_line width_default thick_2 style_solid color_primary align_center\"><div class=\"w-separator-h\"><\/div><\/div><div class=\"g-cols wpb_row via_flex valign_middle type_default stacking_default\"><div class=\"vc_col-sm-4 wpb_column vc_column_container\"><div class=\"vc_column-inner\"><div class=\"wpb_wrapper\"><div class=\"wpb_text_column\"><div class=\"wpb_wrapper\"><h2 style=\"text-align: center;\">Qu&rsquo;est-ce que cela comprend ?<\/h2>\n<\/div><\/div><\/div><\/div><\/div><div class=\"vc_col-sm-8 wpb_column vc_column_container\"><div class=\"vc_column-inner\"><div class=\"wpb_wrapper\"><div class=\"wpb_text_column\"><div class=\"wpb_wrapper\"><p>Les tarifs indiqu\u00e9s comprennent toujours le petit-d\u00e9jeuner et tous les autres services \u00e9num\u00e9r\u00e9s sur cette page dans la rubrique \u00ab<strong> Inclus dans le prix<\/strong> \u00bb.<\/p>\n<\/div><\/div><\/div><\/div><\/div><\/div><\/div><\/div><\/div><div class=\"vc_col-sm-1 wpb_column vc_column_container\"><div class=\"vc_column-inner\"><div class=\"wpb_wrapper\"><\/div><\/div><\/div><\/div><\/div><\/section><section class=\"l-section wpb_row height_medium\"><div class=\"l-section-h i-cf\"><div class=\"g-cols vc_row via_flex valign_top type_default stacking_default\"><div class=\"vc_col-sm-12 wpb_column vc_column_container\"><div class=\"vc_column-inner\"><div class=\"wpb_wrapper\"><div class=\"w-btn-wrapper align_center\"><a class=\"w-btn us-btn-style_3 us_custom_3000a3fb\" target=\"_blank\" rel=\"nofollow\" href=\"https:\/\/booking.ericsoft.com\/fr\/BookingEngine\/Book?idh=525956375E20FEA9&amp;lang=it&amp;cur=EUR&amp;arrival=2024-12-18&amp;departure=2024-12-19&amp;guests=1538-10_1538-10\"><span class=\"w-btn-label\">R\u00e9server<\/span><\/a><\/div><\/div><\/div><\/div><\/div><\/div><\/section>\n","protected":false},"excerpt":{"rendered":"Tout ce qu&rsquo;il faut savoir avant de r\u00e9server Quand dois-je payer ? Votre carte de cr\u00e9dit sert uniquement de garantie pour votre r\u00e9servation ; aucun montant ne sera pr\u00e9lev\u00e9 avant votre arriv\u00e9e. Si vous n&rsquo;avez pas de carte de cr\u00e9dit, il vous sera demand\u00e9 de payer un D\u00c9P\u00d4T CONFIRMATOIRE de 150 \u20ac par personne par...","protected":false},"author":1,"featured_media":0,"parent":0,"menu_order":0,"comment_status":"closed","ping_status":"closed","template":"","meta":{"inline_featured_image":false,"footnotes":""},"class_list":["post-3361","page","type-page","status-publish","hentry"],"yoast_head":"<!-- This site is optimized with the Yoast SEO plugin v27.4 - https:\/\/yoast.com\/product\/yoast-seo-wordpress\/ -->\n<title>Informations importantes - Hotel Eden Lago di Garda - Gardasee - Lake Garda<\/title>\n<meta name=\"robots\" content=\"index, follow, max-snippet:-1, max-image-preview:large, max-video-preview:-1\" \/>\n<link rel=\"canonical\" href=\"https:\/\/www.hoteleden.info\/fr\/informations-importantes\/\" \/>\n<meta property=\"og:locale\" content=\"fr_FR\" \/>\n<meta property=\"og:type\" content=\"article\" \/>\n<meta property=\"og:title\" content=\"Informations importantes - Hotel Eden Lago di Garda - Gardasee - Lake Garda\" \/>\n<meta property=\"og:url\" content=\"https:\/\/www.hoteleden.info\/fr\/informations-importantes\/\" \/>\n<meta property=\"og:site_name\" content=\"Hotel Eden Lago di Garda - Gardasee - Lake Garda\" \/>\n<meta property=\"article:modified_time\" content=\"2025-01-20T15:22:32+00:00\" \/>\n<meta name=\"twitter:card\" content=\"summary_large_image\" \/>\n<meta name=\"twitter:label1\" content=\"Dur\u00e9e de lecture estim\u00e9e\" \/>\n\t<meta name=\"twitter:data1\" content=\"4 minutes\" \/>\n<script type=\"application\/ld+json\" class=\"yoast-schema-graph\">{\"@context\":\"https:\\\/\\\/schema.org\",\"@graph\":[{\"@type\":\"WebPage\",\"@id\":\"https:\\\/\\\/www.hoteleden.info\\\/fr\\\/informations-importantes\\\/\",\"url\":\"https:\\\/\\\/www.hoteleden.info\\\/fr\\\/informations-importantes\\\/\",\"name\":\"Informations importantes - Hotel Eden Lago di Garda - Gardasee - Lake Garda\",\"isPartOf\":{\"@id\":\"https:\\\/\\\/www.hoteleden.info\\\/#website\"},\"datePublished\":\"2019-01-24T10:29:40+00:00\",\"dateModified\":\"2025-01-20T15:22:32+00:00\",\"breadcrumb\":{\"@id\":\"https:\\\/\\\/www.hoteleden.info\\\/fr\\\/informations-importantes\\\/#breadcrumb\"},\"inLanguage\":\"fr-FR\",\"potentialAction\":[{\"@type\":\"ReadAction\",\"target\":[\"https:\\\/\\\/www.hoteleden.info\\\/fr\\\/informations-importantes\\\/\"]}]},{\"@type\":\"BreadcrumbList\",\"@id\":\"https:\\\/\\\/www.hoteleden.info\\\/fr\\\/informations-importantes\\\/#breadcrumb\",\"itemListElement\":[{\"@type\":\"ListItem\",\"position\":1,\"name\":\"Home\",\"item\":\"https:\\\/\\\/www.hoteleden.info\\\/fr\\\/\"},{\"@type\":\"ListItem\",\"position\":2,\"name\":\"Informations importantes\"}]},{\"@type\":\"WebSite\",\"@id\":\"https:\\\/\\\/www.hoteleden.info\\\/#website\",\"url\":\"https:\\\/\\\/www.hoteleden.info\\\/\",\"name\":\"Hotel Eden Lago di Garda - Gardasee - Lake Garda\",\"description\":\"Hotel Eden Lago di Garda - Gardasee - Lake Garda\",\"potentialAction\":[{\"@type\":\"SearchAction\",\"target\":{\"@type\":\"EntryPoint\",\"urlTemplate\":\"https:\\\/\\\/www.hoteleden.info\\\/?s={search_term_string}\"},\"query-input\":{\"@type\":\"PropertyValueSpecification\",\"valueRequired\":true,\"valueName\":\"search_term_string\"}}],\"inLanguage\":\"fr-FR\"}]}<\/script>\n<!-- \/ Yoast SEO plugin. -->","yoast_head_json":{"title":"Informations importantes - Hotel Eden Lago di Garda - Gardasee - Lake Garda","robots":{"index":"index","follow":"follow","max-snippet":"max-snippet:-1","max-image-preview":"max-image-preview:large","max-video-preview":"max-video-preview:-1"},"canonical":"https:\/\/www.hoteleden.info\/fr\/informations-importantes\/","og_locale":"fr_FR","og_type":"article","og_title":"Informations importantes - Hotel Eden Lago di Garda - Gardasee - Lake Garda","og_url":"https:\/\/www.hoteleden.info\/fr\/informations-importantes\/","og_site_name":"Hotel Eden Lago di Garda - Gardasee - Lake Garda","article_modified_time":"2025-01-20T15:22:32+00:00","twitter_card":"summary_large_image","twitter_misc":{"Dur\u00e9e de lecture estim\u00e9e":"4 minutes"},"schema":{"@context":"https:\/\/schema.org","@graph":[{"@type":"WebPage","@id":"https:\/\/www.hoteleden.info\/fr\/informations-importantes\/","url":"https:\/\/www.hoteleden.info\/fr\/informations-importantes\/","name":"Informations importantes - Hotel Eden Lago di Garda - Gardasee - Lake Garda","isPartOf":{"@id":"https:\/\/www.hoteleden.info\/#website"},"datePublished":"2019-01-24T10:29:40+00:00","dateModified":"2025-01-20T15:22:32+00:00","breadcrumb":{"@id":"https:\/\/www.hoteleden.info\/fr\/informations-importantes\/#breadcrumb"},"inLanguage":"fr-FR","potentialAction":[{"@type":"ReadAction","target":["https:\/\/www.hoteleden.info\/fr\/informations-importantes\/"]}]},{"@type":"BreadcrumbList","@id":"https:\/\/www.hoteleden.info\/fr\/informations-importantes\/#breadcrumb","itemListElement":[{"@type":"ListItem","position":1,"name":"Home","item":"https:\/\/www.hoteleden.info\/fr\/"},{"@type":"ListItem","position":2,"name":"Informations importantes"}]},{"@type":"WebSite","@id":"https:\/\/www.hoteleden.info\/#website","url":"https:\/\/www.hoteleden.info\/","name":"Hotel Eden Lago di Garda - Gardasee - Lake Garda","description":"Hotel Eden Lago di Garda - Gardasee - Lake Garda","potentialAction":[{"@type":"SearchAction","target":{"@type":"EntryPoint","urlTemplate":"https:\/\/www.hoteleden.info\/?s={search_term_string}"},"query-input":{"@type":"PropertyValueSpecification","valueRequired":true,"valueName":"search_term_string"}}],"inLanguage":"fr-FR"}]}},"_links":{"self":[{"href":"https:\/\/www.hoteleden.info\/fr\/wp-json\/wp\/v2\/pages\/3361","targetHints":{"allow":["GET"]}}],"collection":[{"href":"https:\/\/www.hoteleden.info\/fr\/wp-json\/wp\/v2\/pages"}],"about":[{"href":"https:\/\/www.hoteleden.info\/fr\/wp-json\/wp\/v2\/types\/page"}],"author":[{"embeddable":true,"href":"https:\/\/www.hoteleden.info\/fr\/wp-json\/wp\/v2\/users\/1"}],"replies":[{"embeddable":true,"href":"https:\/\/www.hoteleden.info\/fr\/wp-json\/wp\/v2\/comments?post=3361"}],"version-history":[{"count":4,"href":"https:\/\/www.hoteleden.info\/fr\/wp-json\/wp\/v2\/pages\/3361\/revisions"}],"predecessor-version":[{"id":4089,"href":"https:\/\/www.hoteleden.info\/fr\/wp-json\/wp\/v2\/pages\/3361\/revisions\/4089"}],"wp:attachment":[{"href":"https:\/\/www.hoteleden.info\/fr\/wp-json\/wp\/v2\/media?parent=3361"}],"curies":[{"name":"wp","href":"https:\/\/api.w.org\/{rel}","templated":true}]}}