{"id":2861,"date":"2019-01-24T11:31:46","date_gmt":"2019-01-24T10:31:46","guid":{"rendered":"http:\/\/www.hoteleden.info\/territorio\/"},"modified":"2020-07-08T11:46:11","modified_gmt":"2020-07-08T09:46:11","slug":"gebiet","status":"publish","type":"page","link":"https:\/\/www.hoteleden.info\/de\/gebiet\/","title":{"rendered":"Gebiet"},"content":{"rendered":"<section class=\"l-section wpb_row height_medium\"><div class=\"l-section-h i-cf\"><div class=\"g-cols vc_row via_flex valign_top type_default stacking_default\"><div class=\"vc_col-sm-12 wpb_column vc_column_container\"><div class=\"vc_column-inner\"><div class=\"wpb_wrapper\"><div class=\"w-image i1200 align_center\"><div class=\"w-image-h\"><img decoding=\"async\" width=\"1640\" height=\"654\" src=\"https:\/\/www.hoteleden.info\/wp-content\/uploads\/2019\/12\/mappa-brenzone.svg\" class=\"attachment-full size-full\" alt=\"Hotel Eden Brenzone - Lago di Garda\" loading=\"lazy\" \/><\/div><\/div><\/div><\/div><\/div><\/div><\/div><\/section><section class=\"l-section wpb_row height_medium\"><div class=\"l-section-h i-cf\"><div class=\"g-cols vc_row via_flex valign_middle type_default stacking_default\"><div class=\"vc_col-sm-12 wpb_column vc_column_container\"><div class=\"vc_column-inner\"><div class=\"wpb_wrapper\"><div class=\"wpb_text_column\"><div class=\"wpb_wrapper\"><h1 style=\"text-align: center;\">Jenseits des Sees<br \/>\n<span class=\"grosso\">DIE D\u00d6RFER VON BRENZONE<\/span><\/h1>\n<\/div><\/div>[vc_raw_html]JTNDc3BhbiUyMGNsYXNzJTNEJTIycmlnYS1naWFsbG8tMTAwLWNlbnRybyUyMiUzRSUzQyUyRnNwYW4lM0U=[\/vc_raw_html]<div class=\"wpb_text_column\"><div class=\"wpb_wrapper\"><p style=\"text-align: center;\">15 kleine alte D\u00f6rfer bilden die Gemeinde Brenzone.<br \/>\n15 antike Siedlungen zum Erforschen und Entdecken, einige unbewohnt, aber alle reich an Geschichte, Kultur und Tradition.<\/p>\n<\/div><\/div><\/div><\/div><\/div><\/div><\/div><\/section><section class=\"l-section wpb_row height_medium\"><div class=\"l-section-h i-cf\"><div class=\"g-cols vc_row via_flex valign_top type_default stacking_default\"><div class=\"vc_col-sm-12 wpb_column vc_column_container\"><div class=\"vc_column-inner\"><div class=\"wpb_wrapper\"><div class=\"w-slider style_none fit_cover nav_none count_10\"><div class=\"w-slider-h\"><div class=\"royalSlider\"><div class=\"rsContent\"><a class=\"rsImg\" data-rsw=\"1920\" data-rsh=\"1080\" href=\"https:\/\/www.hoteleden.info\/wp-content\/uploads\/2019\/04\/daBoogie.de_Gopr0493_12-1920x1080.jpg\"><span data-alt=\"\"><\/span><\/a><\/div><div class=\"rsContent\"><a class=\"rsImg\" data-rsw=\"1920\" data-rsh=\"1080\" href=\"https:\/\/www.hoteleden.info\/wp-content\/uploads\/2019\/04\/daBoogie.de_GP0461_11-1920x1080.jpg\"><span data-alt=\"\"><\/span><\/a><\/div><div class=\"rsContent\"><a class=\"rsImg\" data-rsw=\"1920\" data-rsh=\"1080\" href=\"https:\/\/www.hoteleden.info\/wp-content\/uploads\/2019\/04\/daBoogie.de_GP0431_14-1920x1080.jpg\"><span data-alt=\"\"><\/span><\/a><\/div><div class=\"rsContent\"><a class=\"rsImg\" data-rsw=\"1920\" data-rsh=\"1080\" href=\"https:\/\/www.hoteleden.info\/wp-content\/uploads\/2019\/01\/daBoogie.de_Gopr0601_04-1920x1080.jpg\"><span data-alt=\"\"><\/span><\/a><\/div><div class=\"rsContent\"><a class=\"rsImg\" data-rsw=\"1920\" data-rsh=\"1280\" href=\"https:\/\/www.hoteleden.info\/wp-content\/uploads\/2019\/04\/daBoogie.de_IMG_8112-1920x1280.jpg\"><span data-alt=\"\"><\/span><\/a><\/div><div class=\"rsContent\"><a class=\"rsImg\" data-rsw=\"1920\" data-rsh=\"1280\" href=\"https:\/\/www.hoteleden.info\/wp-content\/uploads\/2019\/04\/daBoogie.de_IMG_8087-1920x1280.jpg\"><span data-alt=\"\"><\/span><\/a><\/div><div class=\"rsContent\"><a class=\"rsImg\" data-rsw=\"1920\" data-rsh=\"1280\" href=\"https:\/\/www.hoteleden.info\/wp-content\/uploads\/2019\/04\/daBoogie.de_IMG_8400-1920x1280.jpg\"><span data-alt=\"\"><\/span><\/a><\/div><div class=\"rsContent\"><a class=\"rsImg\" data-rsw=\"1920\" data-rsh=\"1280\" href=\"https:\/\/www.hoteleden.info\/wp-content\/uploads\/2019\/04\/daBoogie.de_IMG_7320-1920x1280.jpg\"><span data-alt=\"\"><\/span><\/a><\/div><div class=\"rsContent\"><a class=\"rsImg\" data-rsw=\"1920\" data-rsh=\"1280\" href=\"https:\/\/www.hoteleden.info\/wp-content\/uploads\/2019\/04\/daBoogie.de_IMG_8097-1920x1280.jpg\"><span data-alt=\"\"><\/span><\/a><\/div><div class=\"rsContent\"><a class=\"rsImg\" data-rsw=\"1920\" data-rsh=\"1280\" href=\"https:\/\/www.hoteleden.info\/wp-content\/uploads\/2019\/04\/daBoogie.de_IMG_7350-1920x1280.jpg\"><span data-alt=\"\"><\/span><\/a><\/div><\/div><img decoding=\"async\" src=\"https:\/\/www.hoteleden.info\/wp-content\/uploads\/2019\/04\/daBoogie.de_Gopr0493_12-1920x1080.jpg\" width=\"1920\" height=\"1080\" alt loading=\"lazy\"><\/div><div class=\"w-slider-json\" onclick='return {&quot;autoScaleSlider&quot;:true,&quot;addActiveClass&quot;:true,&quot;loop&quot;:true,&quot;fadeInLoadedSlide&quot;:false,&quot;slidesSpacing&quot;:0,&quot;imageScalePadding&quot;:0,&quot;numImagesToPreload&quot;:2,&quot;arrowsNav&quot;:true,&quot;arrowsNavAutoHide&quot;:false,&quot;transitionType&quot;:&quot;fade&quot;,&quot;transitionSpeed&quot;:250,&quot;block&quot;:{&quot;moveEffect&quot;:&quot;none&quot;,&quot;speed&quot;:300},&quot;thumbs&quot;:{&quot;fitInViewport&quot;:false,&quot;firstMargin&quot;:false,&quot;spacing&quot;:4},&quot;controlNavigation&quot;:&quot;none&quot;,&quot;autoScaleSliderWidth&quot;:1920,&quot;autoScaleSliderHeight&quot;:1080}'><\/div><\/div><div class=\"g-cols wpb_row blocco-bianco-largo-centro via_flex valign_top type_boxes stacking_default\"><div class=\"vc_col-sm-6 wpb_column vc_column_container\"><div class=\"vc_column-inner us_custom_d3a933b4\"><div class=\"wpb_wrapper\"><div class=\"wpb_text_column giustifica\"><div class=\"wpb_wrapper\"><p>Die Gemeinde Brenzone besteht aus mehreren kleinen D\u00f6rfern. Einige davon, wie Assenza, Magugnano, Porto, Marniga, Castelletto und Pai, liegen direkt am Ufer des Gardasees. Die anderen D\u00f6rfer wie Sommavilla, Castello, Prada oder Crero liegen dagegen in romantischer Lage an den H\u00e4ngen des Berges. Obwohl die viel befahrene &#8222;Gardesana&#8220;- Stra\u00dfe durch die Dorfzentren verl\u00e4uft, haben sie ihren urspr\u00fcnglichen Charme der Fischer- und Bauernd\u00f6rfer bewahrt, der noch immer in ihren engen und ruhigen Stra\u00dfen zu sp\u00fcren ist.<br \/>\nDie Abwesenheit ist der n\u00f6rdlichste Dorfteil von Brenzone. Die Kirche St. Nikolaus hat sch\u00f6ne Fresken aus dem 14. Jahrhundert. Neben der Kirche beginnen einige Wege; einer davon f\u00fchrt zur Telegrafen-H\u00fctte in 2147 m H\u00f6he.<\/p>\n<\/div><\/div><\/div><\/div><\/div><div class=\"vc_col-sm-6 wpb_column vc_column_container\"><div class=\"vc_column-inner us_custom_d3a933b4\"><div class=\"wpb_wrapper\"><div class=\"wpb_text_column giustifica\"><div class=\"wpb_wrapper\"><p>In Magugnano, im Rathaus, ist ein 4000 Jahre alter Stein ausgestellt, dessen eingeritzte Symbole noch nicht entziffert worden sind. Der gr\u00f6\u00dfte Ortsteil von Brenzone, Castelletto, mit seinem malerischen Hafen und der verschlafenen Altstadt ist auf jeden Fall einen Besuch wert. Viele der H\u00e4user stammen aus dem 16. Jahrhundert, und die romanische Kirche San Zeno (11.\/12. Jahrhundert) ist eine der \u00e4ltesten in der Region.<br \/>\nTrimelone ist eine kleine Insel vor Assenza. Die Insel wurde im 10. Jahrhundert verteidigt, doch leider gibt es keine \u00dcberreste, da sie w\u00e4hrend des Ersten Weltkriegs wieder zugerichtet wurde und danach als Pulverfass f\u00fcr Munitionsr\u00fcckst\u00e4nde aus den beiden Weltkriegen diente.<br \/>\nCassone ist ein typisches kleines Dorf, das seinen urspr\u00fcnglichen Charme bewahrt hat.<\/p>\n<\/div><\/div><\/div><\/div><\/div><\/div><\/div><\/div><\/div><\/div><\/div><\/section><!-- Row Backgrounds --><div class=\"upb_color\" data-bg-override=\"0\" data-bg-color=\"#f5ede7\" data-fadeout=\"\" data-fadeout-percentage=\"30\" data-parallax-content=\"\" data-parallax-content-sense=\"30\" data-row-effect-mobile-disable=\"true\" data-img-parallax-mobile-disable=\"true\" data-rtl=\"false\"  data-custom-vc-row=\"\"  data-vc=\"8.7.2\"  data-is_old_vc=\"\"  data-theme-support=\"\"   data-overlay=\"false\" data-overlay-color=\"\" data-overlay-pattern=\"\" data-overlay-pattern-opacity=\"\" data-overlay-pattern-size=\"\"    data-seperator=\"true\"  data-seperator-type=\"triangle_svg_seperator\"  data-seperator-shape-size=\"40\"  data-seperator-svg-height=\"50\"  data-seperator-full-width=\"true\" data-seperator-position=\"top_seperator\"  data-seperator-background-color=\"#ffffff\"  data-icon=\"\"  ><\/div><section class=\"l-section wpb_row height_medium\"><div class=\"l-section-h i-cf\"><div class=\"g-cols vc_row via_flex valign_middle type_default stacking_default\"><div class=\"vc_col-sm-4 wpb_column vc_column_container\"><div class=\"vc_column-inner\"><div class=\"wpb_wrapper\"><div class=\"w-image i150 align_none\"><div class=\"w-image-h\"><img decoding=\"async\" width=\"240\" height=\"221\" src=\"https:\/\/www.hoteleden.info\/wp-content\/uploads\/2019\/01\/icona-chiesa.svg\" class=\"attachment-large size-large\" alt=\"\" loading=\"lazy\" \/><\/div><\/div><div class=\"wpb_text_column\"><div class=\"wpb_wrapper\"><h2><span class=\"grosso\">Die mittelalterlichen Kirchen<\/span><br \/>\nvon Brenzone<\/h2>\n<\/div><\/div>[vc_raw_html]JTNDc3BhbiUyMGNsYXNzJTNEJTIycmlnYS1naWFsbG8tMTAwLXNpbmlzdHJhJTIyJTNFJTNDJTJGc3BhbiUzRQ==[\/vc_raw_html]<div class=\"wpb_text_column\"><div class=\"wpb_wrapper\"><ul>\n<li>Sankt Nikolaus in Assenza<\/li>\n<li>San Pietro in Campo<\/li>\n<li>Sankt Antonius in Biaza<\/li>\n<li>San Zeno in Castelletto<\/li>\n<\/ul>\n<\/div><\/div><\/div><\/div><\/div><div class=\"vc_col-sm-8 wpb_column vc_column_container\"><div class=\"vc_column-inner\"><div class=\"wpb_wrapper\"><div class=\"w-slider style_none fit_contain nav_none count_5\"><div class=\"w-slider-h\"><div class=\"royalSlider\"><div class=\"rsContent\"><a class=\"rsImg\" data-rsw=\"2048\" data-rsh=\"1366\" href=\"https:\/\/www.hoteleden.info\/wp-content\/uploads\/2019\/01\/daBoogie.de_IMG_8368.jpg\"><span data-alt=\"\"><\/span><\/a><\/div><div class=\"rsContent\"><a class=\"rsImg\" data-rsw=\"900\" data-rsh=\"600\" href=\"https:\/\/www.hoteleden.info\/wp-content\/uploads\/2019\/01\/107-campo.jpg\"><span data-alt=\"\"><\/span><\/a><\/div><div class=\"rsContent\"><a class=\"rsImg\" data-rsw=\"900\" data-rsh=\"600\" href=\"https:\/\/www.hoteleden.info\/wp-content\/uploads\/2019\/01\/sannicola01.jpg\"><span data-alt=\"\"><\/span><\/a><\/div><div class=\"rsContent\"><a class=\"rsImg\" data-rsw=\"900\" data-rsh=\"600\" href=\"https:\/\/www.hoteleden.info\/wp-content\/uploads\/2019\/01\/sanzenoacastelletto01.jpg\"><span data-alt=\"\"><\/span><\/a><\/div><div class=\"rsContent\"><a class=\"rsImg\" data-rsw=\"900\" data-rsh=\"600\" href=\"https:\/\/www.hoteleden.info\/wp-content\/uploads\/2019\/01\/sanzenoacastelletto02.jpg\"><span data-alt=\"\"><\/span><\/a><\/div><\/div><img decoding=\"async\" src=\"https:\/\/www.hoteleden.info\/wp-content\/uploads\/2019\/01\/daBoogie.de_IMG_8368.jpg\" width=\"2048\" height=\"1366\" alt loading=\"lazy\"><\/div><div class=\"w-slider-json\" onclick='return {&quot;autoScaleSlider&quot;:true,&quot;addActiveClass&quot;:true,&quot;loop&quot;:true,&quot;fadeInLoadedSlide&quot;:false,&quot;slidesSpacing&quot;:0,&quot;imageScalePadding&quot;:0,&quot;numImagesToPreload&quot;:2,&quot;arrowsNav&quot;:true,&quot;arrowsNavAutoHide&quot;:false,&quot;transitionType&quot;:&quot;move&quot;,&quot;transitionSpeed&quot;:250,&quot;block&quot;:{&quot;moveEffect&quot;:&quot;none&quot;,&quot;speed&quot;:300},&quot;thumbs&quot;:{&quot;fitInViewport&quot;:false,&quot;firstMargin&quot;:false,&quot;spacing&quot;:4},&quot;controlNavigation&quot;:&quot;none&quot;,&quot;autoplay&quot;:{&quot;enabled&quot;:true,&quot;pauseOnHover&quot;:true,&quot;delay&quot;:3000},&quot;autoScaleSliderWidth&quot;:2048,&quot;autoScaleSliderHeight&quot;:1366}'><\/div><\/div><\/div><\/div><\/div><\/div><\/div><\/section><section class=\"l-section wpb_row us_custom_af6a9b6a alza-50 height_small\"><div class=\"l-section-h i-cf\"><div class=\"g-cols vc_row via_flex valign_top type_default stacking_default\"><div class=\"vc_col-sm-6 wpb_column vc_column_container\"><div class=\"vc_column-inner\"><div class=\"wpb_wrapper\"><div class=\"w-image align_none\"><div class=\"w-image-h\"><img decoding=\"async\" width=\"640\" height=\"480\" src=\"https:\/\/www.hoteleden.info\/wp-content\/uploads\/2019\/01\/mercato-settimanale-sul-garda.jpg\" class=\"attachment-full size-full\" alt=\"\" loading=\"lazy\" srcset=\"https:\/\/www.hoteleden.info\/wp-content\/uploads\/2019\/01\/mercato-settimanale-sul-garda.jpg 640w, https:\/\/www.hoteleden.info\/wp-content\/uploads\/2019\/01\/mercato-settimanale-sul-garda-300x225.jpg 300w\" sizes=\"auto, (max-width: 640px) 100vw, 640px\" \/><\/div><\/div><\/div><\/div><\/div><div class=\"vc_col-sm-6 wpb_column vc_column_container rientra-30-sx\"><div class=\"vc_column-inner us_custom_fe708ea2\"><div class=\"wpb_wrapper\"><div class=\"wpb_text_column\"><div class=\"wpb_wrapper\"><p style=\"text-align: center;\"><span class=\"evidenza\">WOCHENM\u00c4RKTE<\/span><br \/>\nin Brenzone und Umgebung<\/p>\n<\/div><\/div><div class=\"g-cols wpb_row mercati via_flex valign_middle type_default stacking_default\"><div class=\"vc_col-sm-6 wpb_column vc_column_container\"><div class=\"vc_column-inner\"><div class=\"wpb_wrapper\"><div class=\"wpb_text_column\"><div class=\"wpb_wrapper\"><p><strong>Torri del Benaco<\/strong><br \/>\n<i class=\"fal fa-calendar-alt\"><\/i> jeden Montag<\/p>\n<\/div><\/div><div class=\"w-separator size_small with_line width_default thick_1 style_solid color_switch_text align_center\"><div class=\"w-separator-h\"><\/div><\/div><div class=\"wpb_text_column\"><div class=\"wpb_wrapper\"><p><strong>Lazise<\/strong><br \/>\n<i class=\"fal fa-calendar-alt\"><\/i> jeden Mittwoch<\/p>\n<\/div><\/div><div class=\"w-separator size_small with_line width_default thick_1 style_solid color_switch_text align_center\"><div class=\"w-separator-h\"><\/div><\/div><div class=\"wpb_text_column\"><div class=\"wpb_wrapper\"><p><strong>Garda<\/strong><br \/>\n<i class=\"fal fa-calendar-alt\"><\/i> jeden Freitag <\/p>\n<\/div><\/div><div class=\"w-separator size_small with_line width_default thick_1 style_solid color_switch_text align_center\"><div class=\"w-separator-h\"><\/div><\/div><\/div><\/div><\/div><div class=\"vc_col-sm-6 wpb_column vc_column_container\"><div class=\"vc_column-inner us_custom_2b9b2c5c\"><div class=\"wpb_wrapper\"><div class=\"wpb_text_column\"><div class=\"wpb_wrapper\"><p><strong>Brenzone<\/strong><br \/>\n<i class=\"fal fa-calendar-alt\"><\/i> jeden Dienstag <\/p>\n<\/div><\/div><div class=\"w-separator size_small with_line width_default thick_1 style_solid color_switch_text align_center\"><div class=\"w-separator-h\"><\/div><\/div><div class=\"wpb_text_column\"><div class=\"wpb_wrapper\"><p><strong>Bardolino<\/strong><br \/>\n<i class=\"fal fa-calendar-alt\"><\/i> jeden Donnerstag <\/p>\n<\/div><\/div><div class=\"w-separator size_small with_line width_default thick_1 style_solid color_switch_text align_center\"><div class=\"w-separator-h\"><\/div><\/div><div class=\"wpb_text_column\"><div class=\"wpb_wrapper\"><p><strong>Malcesine<\/strong><br \/>\n<i class=\"fal fa-calendar-alt\"><\/i> jeden Samstag<\/p>\n<\/div><\/div><div class=\"w-separator size_small with_line width_default thick_1 style_solid color_switch_text align_center\"><div class=\"w-separator-h\"><\/div><\/div><\/div><\/div><\/div><\/div><div class=\"wpb_text_column us_custom_2ae65f69\"><div class=\"wpb_wrapper\"><p style=\"text-align: center;\">** Die Bushaltestelle ist 500 Meter vom Hotel Eden entfernt.<\/p>\n<\/div><\/div><\/div><\/div><\/div><\/div><\/div><\/section><section class=\"l-section wpb_row height_medium\"><div class=\"l-section-h i-cf\"><div class=\"g-cols vc_row via_flex valign_middle type_default stacking_default\"><div class=\"vc_col-sm-4 wpb_column vc_column_container\"><div class=\"vc_column-inner\"><div class=\"wpb_wrapper\"><div class=\"wpb_text_column\"><div class=\"wpb_wrapper\"><h2>Entfernungen zum Hotel Eden<\/h2>\n<\/div><\/div>[vc_raw_html]JTNDc3BhbiUyMGNsYXNzJTNEJTIycmlnYS1naWFsbG8tMTAwLXNpbmlzdHJhJTIyJTNFJTNDJTJGc3BhbiUzRQ==[\/vc_raw_html]<div class=\"wpb_text_column\"><div class=\"wpb_wrapper\"><ul>\n<li>Strand 50 m.<\/li>\n<li>Bushaltestelle 500 m.<\/li>\n<li>Bootsliegeplatz Magugnano auf 800 m. Apotheke 1 km<\/li>\n<li>Malcesine 6 km<\/li>\n<li>F\u00e4hranlegeplatz Malcesine 6 km Autobahn A4 Ausfahrt Peschiera 45 km Nago Torbole 22 km<\/li>\n<li>Autobahn A22 Ausfahrt Affi 28 km<\/li>\n<li>Autobahn A22 Ausfahrt Rovereto Sud\/Lago di Garda Nord 40 km<\/li>\n<\/ul>\n<\/div><\/div><\/div><\/div><\/div><div class=\"vc_col-sm-8 wpb_column vc_column_container\"><div class=\"vc_column-inner\"><div class=\"wpb_wrapper\"><div class=\"w-map provider_google us_custom_cecd4757\" id=\"us_map_1\"><div class=\"w-map-inner\"><div class=\"w-map-json\" onclick='return {&quot;address&quot;:&quot;Hotel Eden, Brenzone&quot;,&quot;disableDragging&quot;:0,&quot;disableZoom&quot;:0,&quot;hideControls&quot;:0,&quot;zoom&quot;:14,&quot;markers&quot;:[{&quot;address&quot;:&quot;Hotel Eden, Brenzone&quot;,&quot;html&quot;:&quot;&lt;h6&gt;Hotel Eden&lt;\\\/h6&gt;&quot;,&quot;infowindow&quot;:&quot;1&quot;}],&quot;maptype&quot;:&quot;ROADMAP&quot;}'><\/div><\/div><\/div><\/div><\/div><\/div><\/div><\/div><\/section><section class=\"l-section wpb_row us_custom_4edece6e height_small\"><div class=\"l-section-h i-cf\"><div class=\"g-cols vc_row via_flex valign_middle type_default stacking_default\"><div class=\"vc_col-sm-12 wpb_column vc_column_container\"><div class=\"vc_column-inner us_custom_604a2883\"><div class=\"wpb_wrapper\"><div id=\"ultimate-video-383469e1170396c29\" class=\"ult-video  vc_custom_1575465276358 ult-adjust-bottom-margin ultimate-video-383469e1170396c29 ultv-9366 \"><div class=\"ultv-video ultv-aspect-ratio-16_9 ultv-subscribe-responsive-none\" data-videotype=\"uv_iframe\">\n\t\t\t\t\t\t<div class=\"ultv-video__outer-wrap\" data-autoplay=\"0\" data-device=\"false\"  data-iconbg=\"#3A3A3A\" data-overcolor=\"\" data-defaultbg=\"#1f1f1e\" data-defaultplay=\"defaulticon\"><div class=\"ultv-video__play\" data-src=\"https:\/\/www.youtube-nocookie.com\/embed\/-Oy-BCHqurs?rel=0&#038;start=1&#038;end&#038;controls=1&#038;mute=0&#038;modestbranding=1&#038;autoplay=1\">\n\t\t\t\t\t\t\t\t<img decoding=\"async\" class=\"ultv-video__thumb\" src=\"https:\/\/i.ytimg.com\/vi\/-Oy-BCHqurs\/maxresdefault.jpg\"\/>\n\t\t\t\t\t\t\t\t<div class=\"ultv-video__play-icon  ultv-animation-none\" style=\"width:75px\"><svg height=\"100%\" version=\"1.1\" viewBox=\"0 0 68 48\" width=\"100%\"><path class=\"ultv-youtube-icon-bg\" d=\"m .66,37.62 c 0,0 .66,4.70 2.70,6.77 2.58,2.71 5.98,2.63 7.49,2.91 5.43,.52 23.10,.68 23.12,.68 .00,-1.3e-5 14.29,-0.02 23.81,-0.71 1.32,-0.15 4.22,-0.17 6.81,-2.89 2.03,-2.07 2.70,-6.77 2.70,-6.77 0,0 .67,-5.52 .67,-11.04 l 0,-5.17 c 0,-5.52 -0.67,-11.04 -0.67,-11.04 0,0 -0.66,-4.70 -2.70,-6.77 C 62.03,.86 59.13,.84 57.80,.69 48.28,0 34.00,0 34.00,0 33.97,0 19.69,0 10.18,.69 8.85,.84 5.95,.86 3.36,3.58 1.32,5.65 .66,10.35 .66,10.35 c 0,0 -0.55,4.50 -0.66,9.45 l 0,8.36 c .10,4.94 .66,9.45 .66,9.45 z\" fill=\"#1f1f1e\" ><\/path><path d=\"m 26.96,13.67 18.37,9.62 -18.37,9.55 -0.00,-19.17 z\" fill=\"#fff\"><\/path><path d=\"M 45.02,23.46 45.32,23.28 26.96,13.67 43.32,22.34 45.02,23.46 z\" fill=\"#ccc\"><\/path><\/svg><\/div> <\/div> <\/div><\/div><\/div><\/div><\/div><\/div><\/div><\/div><\/section>\n","protected":false},"excerpt":{"rendered":"Jenseits des Sees DIE D\u00d6RFER VON BRENZONE [vc_raw_html]JTNDc3BhbiUyMGNsYXNzJTNEJTIycmlnYS1naWFsbG8tMTAwLWNlbnRybyUyMiUzRSUzQyUyRnNwYW4lM0U=[\/vc_raw_html]15 kleine alte D\u00f6rfer bilden die Gemeinde Brenzone. 15 antike Siedlungen zum Erforschen und Entdecken, einige unbewohnt, aber alle reich an Geschichte, Kultur und Tradition. Die Gemeinde Brenzone besteht aus mehreren kleinen D\u00f6rfern. Einige davon, wie Assenza, Magugnano, Porto, Marniga, Castelletto und Pai, liegen direkt am Ufer des...","protected":false},"author":1,"featured_media":0,"parent":0,"menu_order":0,"comment_status":"closed","ping_status":"closed","template":"","meta":{"inline_featured_image":false,"footnotes":""},"class_list":["post-2861","page","type-page","status-publish","hentry"],"yoast_head":"<!-- This site is optimized with the Yoast SEO plugin v27.4 - https:\/\/yoast.com\/product\/yoast-seo-wordpress\/ -->\n<title>Gebiet - Hotel Eden Lago di Garda - Gardasee - Lake Garda<\/title>\n<meta name=\"robots\" content=\"index, follow, max-snippet:-1, max-image-preview:large, max-video-preview:-1\" \/>\n<link rel=\"canonical\" href=\"https:\/\/www.hoteleden.info\/de\/gebiet\/\" \/>\n<meta property=\"og:locale\" content=\"de_DE\" \/>\n<meta property=\"og:type\" content=\"article\" \/>\n<meta property=\"og:title\" content=\"Gebiet - Hotel Eden Lago di Garda - Gardasee - Lake Garda\" \/>\n<meta property=\"og:url\" content=\"https:\/\/www.hoteleden.info\/de\/gebiet\/\" \/>\n<meta property=\"og:site_name\" content=\"Hotel Eden Lago di Garda - Gardasee - Lake Garda\" \/>\n<meta property=\"article:modified_time\" content=\"2020-07-08T09:46:11+00:00\" \/>\n<meta name=\"twitter:card\" content=\"summary_large_image\" \/>\n<meta name=\"twitter:label1\" content=\"Gesch\u00e4tzte Lesezeit\" \/>\n\t<meta name=\"twitter:data1\" content=\"5\u00a0Minuten\" \/>\n<script type=\"application\/ld+json\" class=\"yoast-schema-graph\">{\"@context\":\"https:\\\/\\\/schema.org\",\"@graph\":[{\"@type\":\"WebPage\",\"@id\":\"https:\\\/\\\/www.hoteleden.info\\\/de\\\/gebiet\\\/\",\"url\":\"https:\\\/\\\/www.hoteleden.info\\\/de\\\/gebiet\\\/\",\"name\":\"Gebiet - Hotel Eden Lago di Garda - Gardasee - Lake Garda\",\"isPartOf\":{\"@id\":\"https:\\\/\\\/www.hoteleden.info\\\/#website\"},\"datePublished\":\"2019-01-24T10:31:46+00:00\",\"dateModified\":\"2020-07-08T09:46:11+00:00\",\"breadcrumb\":{\"@id\":\"https:\\\/\\\/www.hoteleden.info\\\/de\\\/gebiet\\\/#breadcrumb\"},\"inLanguage\":\"de\",\"potentialAction\":[{\"@type\":\"ReadAction\",\"target\":[\"https:\\\/\\\/www.hoteleden.info\\\/de\\\/gebiet\\\/\"]}]},{\"@type\":\"BreadcrumbList\",\"@id\":\"https:\\\/\\\/www.hoteleden.info\\\/de\\\/gebiet\\\/#breadcrumb\",\"itemListElement\":[{\"@type\":\"ListItem\",\"position\":1,\"name\":\"Home\",\"item\":\"https:\\\/\\\/www.hoteleden.info\\\/de\\\/\"},{\"@type\":\"ListItem\",\"position\":2,\"name\":\"Gebiet\"}]},{\"@type\":\"WebSite\",\"@id\":\"https:\\\/\\\/www.hoteleden.info\\\/#website\",\"url\":\"https:\\\/\\\/www.hoteleden.info\\\/\",\"name\":\"Hotel Eden Lago di Garda - Gardasee - Lake Garda\",\"description\":\"Hotel Eden Lago di Garda - Gardasee - Lake Garda\",\"potentialAction\":[{\"@type\":\"SearchAction\",\"target\":{\"@type\":\"EntryPoint\",\"urlTemplate\":\"https:\\\/\\\/www.hoteleden.info\\\/?s={search_term_string}\"},\"query-input\":{\"@type\":\"PropertyValueSpecification\",\"valueRequired\":true,\"valueName\":\"search_term_string\"}}],\"inLanguage\":\"de\"}]}<\/script>\n<!-- \/ Yoast SEO plugin. -->","yoast_head_json":{"title":"Gebiet - Hotel Eden Lago di Garda - Gardasee - Lake Garda","robots":{"index":"index","follow":"follow","max-snippet":"max-snippet:-1","max-image-preview":"max-image-preview:large","max-video-preview":"max-video-preview:-1"},"canonical":"https:\/\/www.hoteleden.info\/de\/gebiet\/","og_locale":"de_DE","og_type":"article","og_title":"Gebiet - Hotel Eden Lago di Garda - Gardasee - Lake Garda","og_url":"https:\/\/www.hoteleden.info\/de\/gebiet\/","og_site_name":"Hotel Eden Lago di Garda - Gardasee - Lake Garda","article_modified_time":"2020-07-08T09:46:11+00:00","twitter_card":"summary_large_image","twitter_misc":{"Gesch\u00e4tzte Lesezeit":"5\u00a0Minuten"},"schema":{"@context":"https:\/\/schema.org","@graph":[{"@type":"WebPage","@id":"https:\/\/www.hoteleden.info\/de\/gebiet\/","url":"https:\/\/www.hoteleden.info\/de\/gebiet\/","name":"Gebiet - Hotel Eden Lago di Garda - Gardasee - Lake Garda","isPartOf":{"@id":"https:\/\/www.hoteleden.info\/#website"},"datePublished":"2019-01-24T10:31:46+00:00","dateModified":"2020-07-08T09:46:11+00:00","breadcrumb":{"@id":"https:\/\/www.hoteleden.info\/de\/gebiet\/#breadcrumb"},"inLanguage":"de","potentialAction":[{"@type":"ReadAction","target":["https:\/\/www.hoteleden.info\/de\/gebiet\/"]}]},{"@type":"BreadcrumbList","@id":"https:\/\/www.hoteleden.info\/de\/gebiet\/#breadcrumb","itemListElement":[{"@type":"ListItem","position":1,"name":"Home","item":"https:\/\/www.hoteleden.info\/de\/"},{"@type":"ListItem","position":2,"name":"Gebiet"}]},{"@type":"WebSite","@id":"https:\/\/www.hoteleden.info\/#website","url":"https:\/\/www.hoteleden.info\/","name":"Hotel Eden Lago di Garda - Gardasee - Lake Garda","description":"Hotel Eden Lago di Garda - Gardasee - Lake Garda","potentialAction":[{"@type":"SearchAction","target":{"@type":"EntryPoint","urlTemplate":"https:\/\/www.hoteleden.info\/?s={search_term_string}"},"query-input":{"@type":"PropertyValueSpecification","valueRequired":true,"valueName":"search_term_string"}}],"inLanguage":"de"}]}},"_links":{"self":[{"href":"https:\/\/www.hoteleden.info\/de\/wp-json\/wp\/v2\/pages\/2861","targetHints":{"allow":["GET"]}}],"collection":[{"href":"https:\/\/www.hoteleden.info\/de\/wp-json\/wp\/v2\/pages"}],"about":[{"href":"https:\/\/www.hoteleden.info\/de\/wp-json\/wp\/v2\/types\/page"}],"author":[{"embeddable":true,"href":"https:\/\/www.hoteleden.info\/de\/wp-json\/wp\/v2\/users\/1"}],"replies":[{"embeddable":true,"href":"https:\/\/www.hoteleden.info\/de\/wp-json\/wp\/v2\/comments?post=2861"}],"version-history":[{"count":6,"href":"https:\/\/www.hoteleden.info\/de\/wp-json\/wp\/v2\/pages\/2861\/revisions"}],"predecessor-version":[{"id":2867,"href":"https:\/\/www.hoteleden.info\/de\/wp-json\/wp\/v2\/pages\/2861\/revisions\/2867"}],"wp:attachment":[{"href":"https:\/\/www.hoteleden.info\/de\/wp-json\/wp\/v2\/media?parent=2861"}],"curies":[{"name":"wp","href":"https:\/\/api.w.org\/{rel}","templated":true}]}}