{"id":2836,"date":"2019-12-03T18:05:02","date_gmt":"2019-12-03T17:05:02","guid":{"rendered":"http:\/\/www.hoteleden.info\/servizi\/"},"modified":"2025-09-19T08:51:18","modified_gmt":"2025-09-19T06:51:18","slug":"unseres-angebot","status":"publish","type":"page","link":"https:\/\/www.hoteleden.info\/de\/unseres-angebot\/","title":{"rendered":"Unseres Angebot"},"content":{"rendered":"<section class=\"l-section wpb_row height_medium color_primary with_img\"><div class=\"l-section-img\" role=\"img\" aria-label=\"Hotel Eden - Junior Suite Panorama terrazzo vista lago\" data-img-width=\"1059\" data-img-height=\"600\" style=\"background-image: url(https:\/\/www.hoteleden.info\/wp-content\/uploads\/2019\/11\/Junior_Suite_Panorama_14.jpg);background-repeat: no-repeat;\"><\/div><div class=\"l-section-h i-cf\"><div class=\"g-cols vc_row via_flex valign_top type_default stacking_default\"><div class=\"vc_col-sm-12 wpb_column vc_column_container\"><div class=\"vc_column-inner\"><div class=\"wpb_wrapper\"><div class=\"w-image us_custom_f029a2ba i200 align_center\"><div class=\"w-image-h\"><img decoding=\"async\" width=\"318\" height=\"168\" src=\"https:\/\/www.hoteleden.info\/wp-content\/uploads\/2019\/01\/logo-eden-bianco.svg\" class=\"attachment-full size-full\" alt=\"\" loading=\"lazy\" \/><\/div><\/div><div class=\"wpb_text_column\"><div class=\"wpb_wrapper\"><h1 style=\"text-align: center;\">Unseres Angebot<\/h1>\n<\/div><\/div>[vc_raw_html]JTNDc3BhbiUyMGNsYXNzJTNEJTIycmlnYS1naWFsbG8tMTAwLWNlbnRybyUyMiUzRSUzQyUyRnNwYW4lM0U=[\/vc_raw_html]<div class=\"wpb_text_column\"><div class=\"wpb_wrapper\"><h4 style=\"text-align: center;\">Unterhalb finden Sie eine kleine \u00dcbersicht unseres Services, den das Hotel Eden Ihnen gerne bietet.<\/h4>\n<\/div><\/div><\/div><\/div><\/div><\/div><\/div><\/section><section class=\"l-section wpb_row height_medium\"><div class=\"l-section-h i-cf\"><div class=\"g-cols vc_row via_flex valign_top type_default stacking_default\"><div class=\"vc_col-sm-4 wpb_column vc_column_container has_bg_color\"><div class=\"vc_column-inner us_custom_e2997e97\"><div class=\"wpb_wrapper\"><div class=\"w-separator size_custom\" style=\"height:400px\"><\/div><\/div><\/div><\/div><div class=\"vc_col-sm-8 wpb_column vc_column_container\"><div class=\"vc_column-inner\"><div class=\"wpb_wrapper\"><div class=\"wpb_text_column giustifica\"><div class=\"wpb_wrapper\"><h4>BAR \/ AUFENTHALTSRAUM:<\/h4>\n<p>Die Bar befindet sich im Erdgeschoss. Wenn die Temperatur etwa w\u00e4rmer ist, k\u00f6nnen Sie die gro\u00dfe Terrasse mit Blick auf den Gardasee nutzen. Unsere Bar ist perfekt, um einen Cocktail oder ein Erfrischungsgetr\u00e4nk zu genie\u00dfen und den Sonnenuntergang zu bewundern, wenn zwischen dem See und unseren Bergen die Sonne untergeht. In der Indoor-Lounge k\u00f6nnen Sie nach dem Abendessen entspannende Momente verbringen, sich mit Brettspielen vergn\u00fcgen, ein Buch lesen oder ein einheimischen oder ausl\u00e4ndischen Trank aus unserer erlesenen Auswahl probieren. Dies ist der ideale Ort, um in Gesellschaft zu verweilen, fernzusehen oder zu lesen. Hier werden Sie sicherlich auch Babbo Gianni treffen, der Sie herzlich willkommen hei\u00dft und Sie mit seinen Geschichten aufmuntert. Sie werden sich ganz wie zu Hause f\u00fchlen. In den Sommermonaten k\u00f6nnen Sie dank unseres Bar-Services im Freien einen angenehmen Tag am Pool verbringen, Ihren Aperitivo schl\u00fcrfen oder einen unserer Snacks probieren, mit einem spektakul\u00e4ren Blick auf den vor Ihnen liegenden See.<br \/>\n\u00d6ffnungszeiten: T\u00e4glich von 07.30 bis 23.30 Uhr, w\u00e4hrend der Winterzeit bis 19.00 Uhr.<\/p>\n<\/div><\/div><\/div><\/div><\/div><\/div><\/div><\/section><section class=\"l-section wpb_row height_medium\"><div class=\"l-section-h i-cf\"><div class=\"g-cols vc_row via_flex valign_top type_default stacking_default\"><div class=\"vc_col-sm-6 wpb_column vc_column_container\"><div class=\"vc_column-inner\"><div class=\"wpb_wrapper\"><div class=\"wpb_text_column giustifica\"><div class=\"wpb_wrapper\"><h4>TERRASSE:<\/h4>\n<p>Die Terrasse ist sicherlich der spektakul\u00e4rste Ort im ganzen Hotel, ebenso wie alle Balkone der Zimmer mit Seeblick. Von hier aus k\u00f6nnen Sie beobachten, wie das Blau des Himmels mit den Bergen und dem Blau des Sees verschmilzt, in einem Farbenspiel, das Sie verzaubern wird.<br \/>\nVon der Terrasse aus k\u00f6nnen Sie die faszinierende Gegend des Gardasees bewundern und haben eine der besten Gelegenheiten, das Leben des Gardasees kennenzulernen. Die Aussicht auf die Landschaft, die Sie von unseren Tischen auf der Terrasse aushaben, wird Ihnen den Atem rauben: Wenn Sie nach Norden blicken, k\u00f6nnen Sie in der Ferne die mittelalterliche Scaligero-Burg von Malcesine und die Umrisse der Zitronenhaine von Limone erkennen. Vor Ihnen stehen die zerkl\u00fcfteten Klippen der Berge von Brescia, und weiter s\u00fcdlich wird die Landschaft weicher und verschmilzt Himmel, See und Erde, wie in einem romantischen skandinavischen Fjord. Dann schlie\u00dflich f\u00e4llt der See wie ein langer Fjord nach S\u00fcden ab und verliert sich am Horizont. Wir befinden uns an der Seepromenade von Brenzone, nur wenige Meter vom kleinen Hafen von Porto di Brenzone entfernt, einem der vielen H\u00e4fen am Gardasee, die vielleicht noch denen \u00e4hneln, die Goethe vor zweihundert Jahren gesehen hat. Wenn das Wetter es zul\u00e4sst, k\u00f6nnen Sie hier Ihr Getr\u00e4nk oder Ihre Mahlzeit ohne Aufpreis zu sich nehmen. Wenn Sie an einem unserer Tische sitzen, werden Sie sich wie auf einer wundervollen Postkarte f\u00fchlen.<\/p>\n<\/div><\/div><\/div><\/div><\/div><div class=\"vc_col-sm-6 wpb_column vc_column_container has_bg_color\"><div class=\"vc_column-inner us_custom_140e0478\"><div class=\"wpb_wrapper\"><div class=\"w-separator size_custom\" style=\"height:400px\"><\/div><\/div><\/div><\/div><\/div><\/div><\/section><section class=\"l-section wpb_row height_medium\"><div class=\"l-section-h i-cf\"><div class=\"g-cols vc_row via_flex valign_top type_default stacking_default\"><div class=\"vc_col-sm-6 wpb_column vc_column_container has_bg_color\"><div class=\"vc_column-inner us_custom_a5a5f39c\"><div class=\"wpb_wrapper\"><div class=\"w-separator size_custom\" style=\"height:400px\"><\/div><\/div><\/div><\/div><div class=\"vc_col-sm-6 wpb_column vc_column_container\"><div class=\"vc_column-inner\"><div class=\"wpb_wrapper\"><div class=\"wpb_text_column giustifica\"><div class=\"wpb_wrapper\"><h4>SPIELPARK:<\/h4>\n<p>Hinter unserem Hotel finden Sie einen f\u00fcr Kinder eingerichteten Spielbereich. Auch das f\u00f6rdert Ihren Familienurlaub am Gardasee und macht ihn zu einer Zeit des puren Vergn\u00fcgens. Sie finden klassische Schaukeln sowie klassische Fr\u00fchlingsspiele. Nicht zu vergessen ist auch die M\u00f6glichkeit, Tischtennis zu spielen.<\/p>\n<\/div><\/div><\/div><\/div><\/div><\/div><\/div><\/section><section class=\"l-section wpb_row height_medium\"><div class=\"l-section-h i-cf\"><div class=\"g-cols vc_row via_flex valign_top type_default stacking_default\"><div class=\"vc_col-sm-6 wpb_column vc_column_container\"><div class=\"vc_column-inner\"><div class=\"wpb_wrapper\"><div class=\"wpb_text_column giustifica\"><div class=\"wpb_wrapper\"><h4>PARKEN:<\/h4>\n<p>Unsere G\u00e4ste k\u00f6nnen ihr Auto im Schatten der alten Olivenb\u00e4ume parken. Es ist viel mehr als ein unbewachter Parkplatz, es ist ein echter Park, der das Hotel umgibt.<br \/>\nUnser Hotel verf\u00fcgt auch \u00fcber eine Tiefgarage, in der Sie Ihr Fahrzeug besser sch\u00fctzen k\u00f6nnen. Wir m\u00f6chten unsere G\u00e4ste daran erinnern, dass es nur wenige Hotels gibt, die \u00fcber einen Parkplatz mit ausreichender Kapazit\u00e4t f\u00fcr alle Hotelg\u00e4ste verf\u00fcgen, und wir geh\u00f6ren zu diesen.<\/p>\n<\/div><\/div><\/div><\/div><\/div><div class=\"vc_col-sm-6 wpb_column vc_column_container\"><div class=\"vc_column-inner\"><div class=\"wpb_wrapper\"><div class=\"w-separator size_custom\" style=\"height:400px\"><\/div><\/div><\/div><\/div><\/div><\/div><\/section><section class=\"l-section wpb_row height_medium color_alternate\"><div class=\"l-section-h i-cf\"><div class=\"g-cols vc_row via_flex valign_top type_default stacking_default\"><div class=\"vc_col-sm-6 wpb_column vc_column_container\"><div class=\"vc_column-inner\"><div class=\"wpb_wrapper\"><div class=\"wpb_text_column\"><div class=\"wpb_wrapper\"><h2>Vermietung<\/h2>\n<\/div><\/div>[vc_raw_html]JTNDc3BhbiUyMGNsYXNzJTNEJTIycmlnYS1naWFsbG8tMTAwLXNpbmlzdHJhJTIyJTNFJTNDJTJGc3BhbiUzRQ==[\/vc_raw_html]<div class=\"wpb_text_column giustifica\"><div class=\"wpb_wrapper\"><h4>BOJENVERMIETUNG:<\/h4>\n<p>Wir bieten ebenfalls die M\u00f6glichkeit, Bojen zu mieten, jedoch weisen wir dabei unsere G\u00e4ste darauf hin, dass das Hotel keine \u00dcberf\u00fchrung von der Boje zum Strand bzw. zum Landungssteg bietet und diese selbst\u00e4ndig zu organisieren ist.<br \/>\nDie Bojen befinden sich gegen\u00fcber unserem Hotel. Etwa 250 Meter davon entfernt gibt es auch eine Rutsche f\u00fcr Boote, inklusive Motorboote. Die Kosten f\u00fcr eine Boje betragen 15 \u20ac pro Tag.<\/p>\n<\/div><\/div><div class=\"w-separator size_small with_line width_default thick_1 style_solid color_border align_center\"><div class=\"w-separator-h\"><\/div><\/div><div class=\"wpb_text_column giustifica\"><div class=\"wpb_wrapper\"><h4>STRANDHANDT\u00dcCHER:<\/h4>\n<p>Sie wollen an den See kommen, ohne das Handtuch von zu Hause mitbringen zu m\u00fcssen? Haben Sie in Ihrer Eile Ihre Handt\u00fccher vergessen? Kein Problem, das Hotel verf\u00fcgt \u00fcber Frottierhandt\u00fccher f\u00fcr den See, das Bad usw., die Sie f\u00fcr einen Tag oder sogar mehrere Tage benutzen k\u00f6nnen. Die Kosten f\u00fcr das Handtuch betragen 10 Euro f\u00fcr den gesamten Aufenthalt. Sie k\u00f6nnen das Handtuch wechseln, so oft Sie wollen.<\/p>\n<\/div><\/div><\/div><\/div><\/div><div class=\"vc_col-sm-6 wpb_column vc_column_container\"><div class=\"vc_column-inner\"><div class=\"wpb_wrapper\"><div class=\"wpb_text_column giustifica\"><div class=\"wpb_wrapper\"><h4>FAHRRADVERMIETUNG:<\/h4>\n<p>Fahrradverleih in Brenzone sul Garda. Wir vermieten Fahrr\u00e4der, sodass Sie alle Gegenden des Gardasees bequem erkunden k\u00f6nnen. Wir vermieten Stadtfahrr\u00e4der und auf Anfrage auch Mountainbikes und E-Bikes. In unserer N\u00e4he k\u00f6nnen Sie die neue Seepromenade (f\u00fcr Fu\u00dfg\u00e4gner und Fahrr\u00e4der) nutzen, mit der Sie die benachbarten D\u00f6rfer wie Malcesine oder Castelletto sicher erreichen k\u00f6nnen, ohne die von Autos stark befahrene Stra\u00dfe verwenden zu m\u00fcssen. Die Kosten f\u00fcr ein einzelnes Fahrrad betragen 10 \u20ac pro Tag, aber im Preis inbegriffen sind Versicherung und Pannenhilfe, wo auch immer Sie sich befinden!<\/p>\n<\/div><\/div><div class=\"w-separator size_small with_line width_default thick_1 style_solid color_border align_center\"><div class=\"w-separator-h\"><\/div><\/div><div class=\"wpb_text_column giustifica\"><div class=\"wpb_wrapper\"><h4>VERMIETUNG VON MOTOR- UND SCHLAUCHBOOTEN:<\/h4>\n<p>Vermietung von Schlauchbooten: Im Belfiore Park Hotel (nur 50 Meter von uns entfernt) k\u00f6nnen Sie Schlauchboote und Motorboote mit und ohne Bootsf\u00fchrerschein mieten sowie eine Tour mit einem Bootsf\u00fchrer buchen.<\/p>\n<p>BOOTSF\u00dcHRER<br \/>\nKlicken Sie hier und entdecken Sie alle Modelle und Preise<br \/>\nKM Boat Charter hat eine Vereinbarung mit unserem Unternehmen und befindet sich nur 50 Meter davon entfernt. Die Boote k\u00f6nnen je nach Verf\u00fcgbarkeit auch ohne Bootsf\u00fchrerschein genutzt werden. www.kmboatcharter.com<\/p>\n<\/div><\/div><\/div><\/div><\/div><\/div><\/div><\/section><section class=\"l-section wpb_row height_medium\"><div class=\"l-section-h i-cf\"><div class=\"g-cols vc_row via_flex valign_top type_default stacking_default\"><div class=\"vc_col-sm-6 wpb_column vc_column_container has_bg_color\"><div class=\"vc_column-inner us_custom_85afc734\"><div class=\"wpb_wrapper\"><div class=\"w-separator size_custom\" style=\"height:400px\"><\/div><\/div><\/div><\/div><div class=\"vc_col-sm-6 wpb_column vc_column_container\"><div class=\"vc_column-inner\"><div class=\"wpb_wrapper\"><div class=\"wpb_text_column giustifica\"><div class=\"wpb_wrapper\"><h4>PRIVATER GARTEN \/ KLEINER PARK MIT LIEGEN UND SONNENSCHIRMEN:<\/h4>\n<p>Neben dem Hotel und unserem Swimmingpool befindet sich ein kleiner Park mit jahrhundertealten Olivenb\u00e4umen, unter deren Schatten Sie sich entspannen, eventuell sogar ein Buch lesen und mit der Natur auf Tuchf\u00fchlung gehen k\u00f6nnen. Die gleiche Art von Garten finden Sie auch in unserem Privatstrand direkt am Gardasee.<\/p>\n<\/div><\/div><div class=\"w-separator size_small with_line width_default thick_1 style_solid color_border align_center\"><div class=\"w-separator-h\"><\/div><\/div><div class=\"wpb_text_column giustifica\"><div class=\"wpb_wrapper\"><h4>Tierfreundliches Hotel<br \/>\nM\u00d6GLICHKEIT, IHR HAUSTIER MITZUBRINGEN:<\/h4>\n<p>In unserer Einrichtung k\u00f6nnen Sie Ihr Haustier mitbringen. Egal ob Hund, Katze oder Kaninchen \u2013 Ihr treuer Begleiter ist willkommen und hat \u00fcberall in unserem Hotel Zutritt. Der einzige Ort, den die Vierbeiner nicht betreten d\u00fcrfen, ist der Speisesaal. Es ist jedoch m\u00f6glich, mit Ihrem Begleiter auf unserer Terrasse zu speisen, sofern das Wetter es zul\u00e4sst. Die Kosten f\u00fcr Ihr Haustier betragen 15 \u20ac pro Tag.<\/p>\n<\/div><\/div><\/div><\/div><\/div><\/div><\/div><\/section><section class=\"l-section wpb_row height_medium\"><div class=\"l-section-h i-cf\"><div class=\"g-cols vc_row via_flex valign_top type_default stacking_default\"><div class=\"vc_col-sm-6 wpb_column vc_column_container\"><div class=\"vc_column-inner\"><div class=\"wpb_wrapper\"><div class=\"wpb_text_column giustifica\"><div class=\"wpb_wrapper\"><h4>AUFBEWAHRUNGSM\u00d6GLICHKEITEN:<\/h4>\n<p>Wir bieten Ihnen gesch\u00fctzte Stellpl\u00e4tze f\u00fcr Ihre Fahrr\u00e4der oder direkt am Strand eine Aufbewahrungsm\u00f6glichkeit f\u00fcr Ihre aufblasbaren Matratzen, Kanus, Strandausr\u00fcstung und vieles mehr.<\/p>\n<\/div><\/div><div class=\"w-separator size_small with_line width_default thick_1 style_solid color_border align_center\"><div class=\"w-separator-h\"><\/div><\/div><div class=\"wpb_text_column\"><div class=\"wpb_wrapper\"><h4>SONSTIGE DIENSTLEISTUNGEN:<\/h4>\n<ul>\n<li>Taxi-Reservierung<\/li>\n<li>Buchung von Transfer zu den Flugh\u00e4fen Verona-Bergamo-Mailand,<\/li>\n<li>Buchung von Ausfl\u00fcgen, Golfpl\u00e4tzen, Tennispl\u00e4tzen, Opernkarten<\/li>\n<\/ul>\n<\/div><\/div><\/div><\/div><\/div><div class=\"vc_col-sm-6 wpb_column vc_column_container\"><div class=\"vc_column-inner\"><div class=\"wpb_wrapper\"><div class=\"wpb_text_column\"><div class=\"wpb_wrapper\"><p><strong>ANDERE VERMIETUNGSDIENSTE IM HOTEL BELFIORE PARK<\/strong><br \/>\n(50 Meter vom Hotel Eden entfernt) und gegen eine Geb\u00fchr:<\/p>\n<ul>\n<li>Swimmingpool im Garten mit Salzwasser (nicht beheizt) und Sonnenliegen (\u20ac 10,00 pro Person pro Tag)<\/li>\n<li>Massage- und Wellnesszentrum &#8222;DHARA WELLNESS&#8220; (\u20ac 30,00 pro Person)<\/li>\n<li>Tretboote, Kanus, Sup (\u20ac 10-18,00 pro Stunde)<\/li>\n<\/ul>\n<\/div><\/div><\/div><\/div><\/div><\/div><\/div><\/section>\n","protected":false},"excerpt":{"rendered":"Unseres Angebot [vc_raw_html]JTNDc3BhbiUyMGNsYXNzJTNEJTIycmlnYS1naWFsbG8tMTAwLWNlbnRybyUyMiUzRSUzQyUyRnNwYW4lM0U=[\/vc_raw_html]Unterhalb finden Sie eine kleine \u00dcbersicht unseres Services, den das Hotel Eden Ihnen gerne bietet. BAR \/ AUFENTHALTSRAUM: Die Bar befindet sich im Erdgeschoss. Wenn die Temperatur etwa w\u00e4rmer ist, k\u00f6nnen Sie die gro\u00dfe Terrasse mit Blick auf den Gardasee nutzen. Unsere Bar ist perfekt, um einen Cocktail oder ein Erfrischungsgetr\u00e4nk zu genie\u00dfen...","protected":false},"author":1,"featured_media":0,"parent":0,"menu_order":0,"comment_status":"closed","ping_status":"closed","template":"","meta":{"inline_featured_image":false,"footnotes":""},"class_list":["post-2836","page","type-page","status-publish","hentry"],"yoast_head":"<!-- This site is optimized with the Yoast SEO plugin v27.4 - https:\/\/yoast.com\/product\/yoast-seo-wordpress\/ -->\n<title>Unseres Angebot - Hotel Eden Lago di Garda - Gardasee - Lake Garda<\/title>\n<meta name=\"robots\" content=\"index, follow, max-snippet:-1, max-image-preview:large, max-video-preview:-1\" \/>\n<link rel=\"canonical\" href=\"https:\/\/www.hoteleden.info\/de\/unseres-angebot\/\" \/>\n<meta property=\"og:locale\" content=\"de_DE\" \/>\n<meta property=\"og:type\" content=\"article\" \/>\n<meta property=\"og:title\" content=\"Unseres Angebot - Hotel Eden Lago di Garda - Gardasee - Lake Garda\" \/>\n<meta property=\"og:url\" content=\"https:\/\/www.hoteleden.info\/de\/unseres-angebot\/\" \/>\n<meta property=\"og:site_name\" content=\"Hotel Eden Lago di Garda - Gardasee - Lake Garda\" \/>\n<meta property=\"article:modified_time\" content=\"2025-09-19T06:51:18+00:00\" \/>\n<meta name=\"twitter:card\" content=\"summary_large_image\" \/>\n<meta name=\"twitter:label1\" content=\"Gesch\u00e4tzte Lesezeit\" \/>\n\t<meta name=\"twitter:data1\" content=\"6\u00a0Minuten\" \/>\n<script type=\"application\/ld+json\" class=\"yoast-schema-graph\">{\"@context\":\"https:\\\/\\\/schema.org\",\"@graph\":[{\"@type\":\"WebPage\",\"@id\":\"https:\\\/\\\/www.hoteleden.info\\\/de\\\/unseres-angebot\\\/\",\"url\":\"https:\\\/\\\/www.hoteleden.info\\\/de\\\/unseres-angebot\\\/\",\"name\":\"Unseres Angebot - Hotel Eden Lago di Garda - Gardasee - Lake Garda\",\"isPartOf\":{\"@id\":\"https:\\\/\\\/www.hoteleden.info\\\/#website\"},\"datePublished\":\"2019-12-03T17:05:02+00:00\",\"dateModified\":\"2025-09-19T06:51:18+00:00\",\"breadcrumb\":{\"@id\":\"https:\\\/\\\/www.hoteleden.info\\\/de\\\/unseres-angebot\\\/#breadcrumb\"},\"inLanguage\":\"de\",\"potentialAction\":[{\"@type\":\"ReadAction\",\"target\":[\"https:\\\/\\\/www.hoteleden.info\\\/de\\\/unseres-angebot\\\/\"]}]},{\"@type\":\"BreadcrumbList\",\"@id\":\"https:\\\/\\\/www.hoteleden.info\\\/de\\\/unseres-angebot\\\/#breadcrumb\",\"itemListElement\":[{\"@type\":\"ListItem\",\"position\":1,\"name\":\"Home\",\"item\":\"https:\\\/\\\/www.hoteleden.info\\\/de\\\/\"},{\"@type\":\"ListItem\",\"position\":2,\"name\":\"Unseres Angebot\"}]},{\"@type\":\"WebSite\",\"@id\":\"https:\\\/\\\/www.hoteleden.info\\\/#website\",\"url\":\"https:\\\/\\\/www.hoteleden.info\\\/\",\"name\":\"Hotel Eden Lago di Garda - Gardasee - Lake Garda\",\"description\":\"Hotel Eden Lago di Garda - Gardasee - Lake Garda\",\"potentialAction\":[{\"@type\":\"SearchAction\",\"target\":{\"@type\":\"EntryPoint\",\"urlTemplate\":\"https:\\\/\\\/www.hoteleden.info\\\/?s={search_term_string}\"},\"query-input\":{\"@type\":\"PropertyValueSpecification\",\"valueRequired\":true,\"valueName\":\"search_term_string\"}}],\"inLanguage\":\"de\"}]}<\/script>\n<!-- \/ Yoast SEO plugin. -->","yoast_head_json":{"title":"Unseres Angebot - Hotel Eden Lago di Garda - Gardasee - Lake Garda","robots":{"index":"index","follow":"follow","max-snippet":"max-snippet:-1","max-image-preview":"max-image-preview:large","max-video-preview":"max-video-preview:-1"},"canonical":"https:\/\/www.hoteleden.info\/de\/unseres-angebot\/","og_locale":"de_DE","og_type":"article","og_title":"Unseres Angebot - Hotel Eden Lago di Garda - Gardasee - Lake Garda","og_url":"https:\/\/www.hoteleden.info\/de\/unseres-angebot\/","og_site_name":"Hotel Eden Lago di Garda - Gardasee - Lake Garda","article_modified_time":"2025-09-19T06:51:18+00:00","twitter_card":"summary_large_image","twitter_misc":{"Gesch\u00e4tzte Lesezeit":"6\u00a0Minuten"},"schema":{"@context":"https:\/\/schema.org","@graph":[{"@type":"WebPage","@id":"https:\/\/www.hoteleden.info\/de\/unseres-angebot\/","url":"https:\/\/www.hoteleden.info\/de\/unseres-angebot\/","name":"Unseres Angebot - Hotel Eden Lago di Garda - Gardasee - Lake Garda","isPartOf":{"@id":"https:\/\/www.hoteleden.info\/#website"},"datePublished":"2019-12-03T17:05:02+00:00","dateModified":"2025-09-19T06:51:18+00:00","breadcrumb":{"@id":"https:\/\/www.hoteleden.info\/de\/unseres-angebot\/#breadcrumb"},"inLanguage":"de","potentialAction":[{"@type":"ReadAction","target":["https:\/\/www.hoteleden.info\/de\/unseres-angebot\/"]}]},{"@type":"BreadcrumbList","@id":"https:\/\/www.hoteleden.info\/de\/unseres-angebot\/#breadcrumb","itemListElement":[{"@type":"ListItem","position":1,"name":"Home","item":"https:\/\/www.hoteleden.info\/de\/"},{"@type":"ListItem","position":2,"name":"Unseres Angebot"}]},{"@type":"WebSite","@id":"https:\/\/www.hoteleden.info\/#website","url":"https:\/\/www.hoteleden.info\/","name":"Hotel Eden Lago di Garda - Gardasee - Lake Garda","description":"Hotel Eden Lago di Garda - Gardasee - Lake Garda","potentialAction":[{"@type":"SearchAction","target":{"@type":"EntryPoint","urlTemplate":"https:\/\/www.hoteleden.info\/?s={search_term_string}"},"query-input":{"@type":"PropertyValueSpecification","valueRequired":true,"valueName":"search_term_string"}}],"inLanguage":"de"}]}},"_links":{"self":[{"href":"https:\/\/www.hoteleden.info\/de\/wp-json\/wp\/v2\/pages\/2836","targetHints":{"allow":["GET"]}}],"collection":[{"href":"https:\/\/www.hoteleden.info\/de\/wp-json\/wp\/v2\/pages"}],"about":[{"href":"https:\/\/www.hoteleden.info\/de\/wp-json\/wp\/v2\/types\/page"}],"author":[{"embeddable":true,"href":"https:\/\/www.hoteleden.info\/de\/wp-json\/wp\/v2\/users\/1"}],"replies":[{"embeddable":true,"href":"https:\/\/www.hoteleden.info\/de\/wp-json\/wp\/v2\/comments?post=2836"}],"version-history":[{"count":10,"href":"https:\/\/www.hoteleden.info\/de\/wp-json\/wp\/v2\/pages\/2836\/revisions"}],"predecessor-version":[{"id":4080,"href":"https:\/\/www.hoteleden.info\/de\/wp-json\/wp\/v2\/pages\/2836\/revisions\/4080"}],"wp:attachment":[{"href":"https:\/\/www.hoteleden.info\/de\/wp-json\/wp\/v2\/media?parent=2836"}],"curies":[{"name":"wp","href":"https:\/\/api.w.org\/{rel}","templated":true}]}}